{"id":1025,"date":"2020-06-03T11:10:26","date_gmt":"2020-06-03T09:10:26","guid":{"rendered":"https:\/\/sophieneck-berlin.de\/?page_id=1025"},"modified":"2025-03-30T13:16:33","modified_gmt":"2025-03-30T11:16:33","slug":"kieztrundgang","status":"publish","type":"page","link":"https:\/\/sophieneck-berlin.de\/de_de\/kieztrundgang\/","title":{"rendered":"Kieztrundgang"},"content":{"rendered":"\t\t<div data-elementor-type=\"wp-page\" data-elementor-id=\"1025\" class=\"elementor elementor-1025\">\n\t\t\t\t\t\t<section class=\"elementor-section elementor-top-section elementor-element elementor-element-4717535b elementor-section-boxed elementor-section-height-default elementor-section-height-default\" data-id=\"4717535b\" data-element_type=\"section\" data-e-type=\"section\">\n\t\t\t\t\t\t<div class=\"elementor-container elementor-column-gap-default\">\n\t\t\t\t\t<div class=\"elementor-column elementor-col-100 elementor-top-column elementor-element elementor-element-3671c354\" data-id=\"3671c354\" data-element_type=\"column\" data-e-type=\"column\">\n\t\t\t<div class=\"elementor-widget-wrap elementor-element-populated\">\n\t\t\t\t\t\t<div class=\"elementor-element elementor-element-30e7d5e2 elementor-invisible elementor-widget elementor-widget-image\" data-id=\"30e7d5e2\" data-element_type=\"widget\" data-e-type=\"widget\" data-settings=\"{&quot;_animation&quot;:&quot;fadeInDown&quot;}\" data-widget_type=\"image.default\">\n\t\t\t\t<div class=\"elementor-widget-container\">\n\t\t\t\t\t\t\t\t\t\t\t\t\t\t\t<img fetchpriority=\"high\" decoding=\"async\" width=\"1600\" height=\"500\" src=\"https:\/\/sophieneck-berlin.de\/wp-content\/uploads\/2020\/05\/SpandauerVorstadt.jpg\" class=\"attachment-full size-full wp-image-384\" alt=\"\" srcset=\"https:\/\/sophieneck-berlin.de\/wp-content\/uploads\/2020\/05\/SpandauerVorstadt.jpg 1600w, https:\/\/sophieneck-berlin.de\/wp-content\/uploads\/2020\/05\/SpandauerVorstadt-600x188.jpg 600w, https:\/\/sophieneck-berlin.de\/wp-content\/uploads\/2020\/05\/SpandauerVorstadt-300x94.jpg 300w, https:\/\/sophieneck-berlin.de\/wp-content\/uploads\/2020\/05\/SpandauerVorstadt-1024x320.jpg 1024w, https:\/\/sophieneck-berlin.de\/wp-content\/uploads\/2020\/05\/SpandauerVorstadt-768x240.jpg 768w, https:\/\/sophieneck-berlin.de\/wp-content\/uploads\/2020\/05\/SpandauerVorstadt-1536x480.jpg 1536w, https:\/\/sophieneck-berlin.de\/wp-content\/uploads\/2020\/05\/SpandauerVorstadt-18x6.jpg 18w, https:\/\/sophieneck-berlin.de\/wp-content\/uploads\/2020\/05\/SpandauerVorstadt-640x200.jpg 640w\" sizes=\"(max-width: 1600px) 100vw, 1600px\" \/>\t\t\t\t\t\t\t\t\t\t\t\t\t\t\t<\/div>\n\t\t\t\t<\/div>\n\t\t\t\t\t<\/div>\n\t\t<\/div>\n\t\t\t\t\t<\/div>\n\t\t<\/section>\n\t\t\t\t<section class=\"elementor-section elementor-top-section elementor-element elementor-element-47536fe8 elementor-section-boxed elementor-section-height-default elementor-section-height-default\" data-id=\"47536fe8\" data-element_type=\"section\" data-e-type=\"section\">\n\t\t\t\t\t\t<div class=\"elementor-container elementor-column-gap-no\">\n\t\t\t\t\t<div class=\"elementor-column elementor-col-50 elementor-top-column elementor-element elementor-element-4a8577ab\" data-id=\"4a8577ab\" data-element_type=\"column\" data-e-type=\"column\">\n\t\t\t<div class=\"elementor-widget-wrap elementor-element-populated\">\n\t\t\t\t\t\t<div class=\"elementor-element elementor-element-4f490b6 elementor-widget elementor-widget-text-editor\" data-id=\"4f490b6\" data-element_type=\"widget\" data-e-type=\"widget\" data-widget_type=\"text-editor.default\">\n\t\t\t\t<div class=\"elementor-widget-container\">\n\t\t\t\t\t\t\t\t\t<h5>Das Erlebnis, ein Stadtrundgang mit Tobias v. Schoenebeck<\/h5>\t\t\t\t\t\t\t\t<\/div>\n\t\t\t\t<\/div>\n\t\t\t\t<div class=\"elementor-element elementor-element-46c49b9 elementor-widget elementor-widget-text-editor\" data-id=\"46c49b9\" data-element_type=\"widget\" data-e-type=\"widget\" data-widget_type=\"text-editor.default\">\n\t\t\t\t<div class=\"elementor-widget-container\">\n\t\t\t\t\t\t\t\t\t<p>Die urige Schank- und Speisewirtschaft &#8222;Sophien&#8217;Eck&#8220; liegt inmitten des am besten erhaltenen Viertels der Berliner Altstadt, der Spandauer Vorstadt, die sich zwischen dem Hackeschen Markt, dem Rosenthaler Platz und der Oranienburger Stra\u00dfe erstreckt.<\/p><p>Entdecken Sie auf einer Kiezf\u00fchrung einzigartige und wundersch\u00f6n renovierte Hofanlagen, die Toleranzmeile, in der Protestanten, Katholiken und Juden friedlich nebeneinander lebten und wieder leben, die \u00e4lteste erhaltene Kirche im Berliner Zentrum, die quirlige Kunstszene mit innovativen Galerien, Sammlungen und Ateliers, originelle Gesch\u00e4fte und coole Bars.<\/p><p>Auf einem munteren Spaziergang stellen wir Ihnen Pers\u00f6nlichkeiten vor, die hier gewirkt und gelebt haben: den Generalleutnant Hans-Christoph von Hacke, die K\u00f6nigin Sophie Luise, die preu\u00dfische Sappho Anna Luisa Karschin, den Reviervorsteher Wilhelm Kr\u00fctzfeld u.v.m.<br \/>Erleben Sie auf einem Bummel durch die Stra\u00dfen dieses Viertels Geschichte und Geschichten aus drei Jahrhunderten.<br \/>Wir veranstalten diese Kiezf\u00fchrung auf Bestellung, sie dauert je nach Wunsch zwischen einer und zwei Stunden.<\/p><p>Idealer Startpunkt f\u00fcr die F\u00fchrungen sind entweder das &#8222;Sophieneck&#8220; oder der 1. Hackesche Hof, Rosenthaler Stra\u00dfe 40\/41.<br \/>Im Anschluss an die F\u00fchrung schmeckt das Bier und ein deftiges Abendessen im &#8222;Sophieneck&#8220; besonders gut &#8230;<\/p>\t\t\t\t\t\t\t\t<\/div>\n\t\t\t\t<\/div>\n\t\t\t\t<div class=\"elementor-element elementor-element-e7d2de1 elementor-widget elementor-widget-text-editor\" data-id=\"e7d2de1\" data-element_type=\"widget\" data-e-type=\"widget\" data-widget_type=\"text-editor.default\">\n\t\t\t\t<div class=\"elementor-widget-container\">\n\t\t\t\t\t\t\t\t\t<p>Weitere Informationen und Reservierung:<br \/>Tobias v. Schoenebeck<br \/>Schoenebeck-Kulturarrangements<br \/><br \/>Tel.: +49 30 &#8211; 691 55 08<br \/>Fax: +49 30 &#8211; 691 55 07<br \/><br \/>E-mail: schoenebeck@web.de<\/p>\t\t\t\t\t\t\t\t<\/div>\n\t\t\t\t<\/div>\n\t\t\t\t\t<\/div>\n\t\t<\/div>\n\t\t\t\t<div class=\"elementor-column elementor-col-50 elementor-top-column elementor-element elementor-element-4fef08e animated-fast elementor-invisible\" data-id=\"4fef08e\" data-element_type=\"column\" data-e-type=\"column\" data-settings=\"{&quot;background_background&quot;:&quot;classic&quot;,&quot;animation&quot;:&quot;fadeInRight&quot;}\">\n\t\t\t<div class=\"elementor-widget-wrap elementor-element-populated\">\n\t\t\t\t\t\t<div class=\"elementor-element elementor-element-48fc9dc elementor-widget elementor-widget-text-editor\" data-id=\"48fc9dc\" data-element_type=\"widget\" data-e-type=\"widget\" data-settings=\"{&quot;_animation&quot;:&quot;none&quot;}\" data-widget_type=\"text-editor.default\">\n\t\t\t\t<div class=\"elementor-widget-container\">\n\t\t\t\t\t\t\t\t\t<p style=\"text-align: center;\"><a href=\"https:\/\/sophieneck-berlin.de\/der-kiez-spandauer-vorstadt\/\"><span style=\"color: #ffffff;\">Kiez Spandauer Vorstadt<br \/><\/span><\/a><\/p>\t\t\t\t\t\t\t\t<\/div>\n\t\t\t\t<\/div>\n\t\t\t\t<div class=\"elementor-element elementor-element-74d32eb elementor-widget elementor-widget-text-editor\" data-id=\"74d32eb\" data-element_type=\"widget\" data-e-type=\"widget\" data-settings=\"{&quot;_animation&quot;:&quot;none&quot;}\" data-widget_type=\"text-editor.default\">\n\t\t\t\t<div class=\"elementor-widget-container\">\n\t\t\t\t\t\t\t\t\t<p style=\"text-align: center;\"><span style=\"color: #ffffff;\"><a style=\"color: #ffffff;\" href=\"https:\/\/sophieneck-berlin.de\/zur-geschichte-einer-ecke\/\">Zur Geschichte einer Ecke<\/a><br \/><\/span><\/p>\t\t\t\t\t\t\t\t<\/div>\n\t\t\t\t<\/div>\n\t\t\t\t<div class=\"elementor-element elementor-element-cc219eb elementor-widget elementor-widget-text-editor\" data-id=\"cc219eb\" data-element_type=\"widget\" data-e-type=\"widget\" data-settings=\"{&quot;_animation&quot;:&quot;none&quot;}\" data-widget_type=\"text-editor.default\">\n\t\t\t\t<div class=\"elementor-widget-container\">\n\t\t\t\t\t\t\t\t\t<p style=\"text-align: center;\"><span style=\"color: #ffffff;\"><a style=\"color: #ffffff;\" href=\"https:\/\/sophieneck-berlin.de\/kultur\/\">Kulturtipps aus dem Kiez<\/a><br \/><\/span><\/p>\t\t\t\t\t\t\t\t<\/div>\n\t\t\t\t<\/div>\n\t\t\t\t<div class=\"elementor-element elementor-element-a30a9df elementor-widget-divider--view-line elementor-widget elementor-widget-divider\" data-id=\"a30a9df\" data-element_type=\"widget\" data-e-type=\"widget\" data-widget_type=\"divider.default\">\n\t\t\t\t<div class=\"elementor-widget-container\">\n\t\t\t\t\t\t\t<div class=\"elementor-divider\">\n\t\t\t<span class=\"elementor-divider-separator\">\n\t\t\t\t\t\t<\/span>\n\t\t<\/div>\n\t\t\t\t\t\t<\/div>\n\t\t\t\t<\/div>\n\t\t\t\t<div class=\"elementor-element elementor-element-865c2bb elementor-widget elementor-widget-text-editor\" data-id=\"865c2bb\" data-element_type=\"widget\" data-e-type=\"widget\" data-widget_type=\"text-editor.default\">\n\t\t\t\t<div class=\"elementor-widget-container\">\n\t\t\t\t\t\t\t\t\t<h5>Der Kiez-\u00dcbersichtsplan:<\/h5>\t\t\t\t\t\t\t\t<\/div>\n\t\t\t\t<\/div>\n\t\t\t\t<div class=\"elementor-element elementor-element-59c1913 elementor-widget elementor-widget-image\" data-id=\"59c1913\" data-element_type=\"widget\" data-e-type=\"widget\" data-widget_type=\"image.default\">\n\t\t\t\t<div class=\"elementor-widget-container\">\n\t\t\t\t\t\t\t\t\t\t\t\t\t\t\t\t<a href=\"https:\/\/sophieneck-berlin.de\/wp-content\/uploads\/2023\/05\/SpandauerVorstadt-1.jpg\" data-elementor-open-lightbox=\"yes\" data-elementor-lightbox-title=\"SpandauerVorstadt\" data-e-action-hash=\"#elementor-action%3Aaction%3Dlightbox%26settings%3DeyJpZCI6MzM5MywidXJsIjoiaHR0cHM6XC9cL3NvcGhpZW5lY2stYmVybGluLmRlXC93cC1jb250ZW50XC91cGxvYWRzXC8yMDIzXC8wNVwvU3BhbmRhdWVyVm9yc3RhZHQtMS5qcGcifQ%3D%3D\">\n\t\t\t\t\t\t\t<img decoding=\"async\" width=\"1024\" height=\"720\" src=\"https:\/\/sophieneck-berlin.de\/wp-content\/uploads\/2023\/05\/SpandauerVorstadt-1-1024x720.jpg\" class=\"attachment-large size-large wp-image-3393\" alt=\"\" srcset=\"https:\/\/sophieneck-berlin.de\/wp-content\/uploads\/2023\/05\/SpandauerVorstadt-1-1024x720.jpg 1024w, https:\/\/sophieneck-berlin.de\/wp-content\/uploads\/2023\/05\/SpandauerVorstadt-1-600x422.jpg 600w, https:\/\/sophieneck-berlin.de\/wp-content\/uploads\/2023\/05\/SpandauerVorstadt-1-300x211.jpg 300w, https:\/\/sophieneck-berlin.de\/wp-content\/uploads\/2023\/05\/SpandauerVorstadt-1-768x540.jpg 768w, https:\/\/sophieneck-berlin.de\/wp-content\/uploads\/2023\/05\/SpandauerVorstadt-1-18x12.jpg 18w, https:\/\/sophieneck-berlin.de\/wp-content\/uploads\/2023\/05\/SpandauerVorstadt-1-284x200.jpg 284w, https:\/\/sophieneck-berlin.de\/wp-content\/uploads\/2023\/05\/SpandauerVorstadt-1.jpg 1500w\" sizes=\"(max-width: 1024px) 100vw, 1024px\" \/>\t\t\t\t\t\t\t\t<\/a>\n\t\t\t\t\t\t\t\t\t\t\t\t\t\t\t<\/div>\n\t\t\t\t<\/div>\n\t\t\t\t\t<\/div>\n\t\t<\/div>\n\t\t\t\t\t<\/div>\n\t\t<\/section>\n\t\t\t\t<\/div>\n\t\t","protected":false},"excerpt":{"rendered":"<p>Das Erlebnis, ein Stadtrundgang mit Tobias v. Schoenebeck Die urige Schank- und Speisewirtschaft &#8222;Sophien&#8217;Eck&#8220; liegt inmitten des am besten erhaltenen Viertels der Berliner Altstadt, der Spandauer Vorstadt, die sich zwischen dem Hackeschen Markt, dem Rosenthaler Platz und der Oranienburger Stra\u00dfe erstreckt. Entdecken Sie auf einer Kiezf\u00fchrung einzigartige und wundersch\u00f6n renovierte &hellip;<\/p>\n","protected":false},"author":1,"featured_media":0,"parent":0,"menu_order":0,"comment_status":"closed","ping_status":"closed","template":"elementor_header_footer","meta":{"footnotes":""},"folder":[],"class_list":["post-1025","page","type-page","status-publish","hentry"],"_links":{"self":[{"href":"https:\/\/sophieneck-berlin.de\/de_de\/wp-json\/wp\/v2\/pages\/1025","targetHints":{"allow":["GET"]}}],"collection":[{"href":"https:\/\/sophieneck-berlin.de\/de_de\/wp-json\/wp\/v2\/pages"}],"about":[{"href":"https:\/\/sophieneck-berlin.de\/de_de\/wp-json\/wp\/v2\/types\/page"}],"author":[{"embeddable":true,"href":"https:\/\/sophieneck-berlin.de\/de_de\/wp-json\/wp\/v2\/users\/1"}],"replies":[{"embeddable":true,"href":"https:\/\/sophieneck-berlin.de\/de_de\/wp-json\/wp\/v2\/comments?post=1025"}],"version-history":[{"count":31,"href":"https:\/\/sophieneck-berlin.de\/de_de\/wp-json\/wp\/v2\/pages\/1025\/revisions"}],"predecessor-version":[{"id":4645,"href":"https:\/\/sophieneck-berlin.de\/de_de\/wp-json\/wp\/v2\/pages\/1025\/revisions\/4645"}],"wp:attachment":[{"href":"https:\/\/sophieneck-berlin.de\/de_de\/wp-json\/wp\/v2\/media?parent=1025"}],"wp:term":[{"taxonomy":"folder","embeddable":true,"href":"https:\/\/sophieneck-berlin.de\/de_de\/wp-json\/wp\/v2\/folder?post=1025"}],"curies":[{"name":"wp","href":"https:\/\/api.w.org\/{rel}","templated":true}]}}