{"id":363,"date":"2020-05-19T12:29:20","date_gmt":"2020-05-19T10:29:20","guid":{"rendered":"https:\/\/sophieneck.de\/?page_id=363"},"modified":"2025-03-30T13:06:42","modified_gmt":"2025-03-30T11:06:42","slug":"zur-geschichte-einer-ecke","status":"publish","type":"page","link":"https:\/\/sophieneck-berlin.de\/de_de\/zur-geschichte-einer-ecke\/","title":{"rendered":"Zur Geschichte einer Ecke"},"content":{"rendered":"\t\t<div data-elementor-type=\"wp-page\" data-elementor-id=\"363\" class=\"elementor elementor-363\">\n\t\t\t\t\t\t<section class=\"elementor-section elementor-top-section elementor-element elementor-element-45f15646 elementor-section-boxed elementor-section-height-default elementor-section-height-default\" data-id=\"45f15646\" data-element_type=\"section\" data-e-type=\"section\">\n\t\t\t\t\t\t<div class=\"elementor-container elementor-column-gap-no\">\n\t\t\t\t\t<div class=\"elementor-column elementor-col-100 elementor-top-column elementor-element elementor-element-69f67abd\" data-id=\"69f67abd\" data-element_type=\"column\" data-e-type=\"column\">\n\t\t\t<div class=\"elementor-widget-wrap elementor-element-populated\">\n\t\t\t\t\t\t<div class=\"elementor-element elementor-element-234c4290 elementor-invisible elementor-widget elementor-widget-image\" data-id=\"234c4290\" data-element_type=\"widget\" data-e-type=\"widget\" data-settings=\"{&quot;_animation&quot;:&quot;fadeInDown&quot;}\" data-widget_type=\"image.default\">\n\t\t\t\t<div class=\"elementor-widget-container\">\n\t\t\t\t\t\t\t\t\t\t\t\t\t\t\t<img fetchpriority=\"high\" decoding=\"async\" width=\"1600\" height=\"584\" src=\"https:\/\/sophieneck-berlin.de\/wp-content\/uploads\/2020\/05\/SophieneckKleinsepia.jpg\" class=\"attachment-full size-full wp-image-551\" alt=\"\" srcset=\"https:\/\/sophieneck-berlin.de\/wp-content\/uploads\/2020\/05\/SophieneckKleinsepia.jpg 1600w, https:\/\/sophieneck-berlin.de\/wp-content\/uploads\/2020\/05\/SophieneckKleinsepia-600x219.jpg 600w, https:\/\/sophieneck-berlin.de\/wp-content\/uploads\/2020\/05\/SophieneckKleinsepia-300x110.jpg 300w, https:\/\/sophieneck-berlin.de\/wp-content\/uploads\/2020\/05\/SophieneckKleinsepia-1024x374.jpg 1024w, https:\/\/sophieneck-berlin.de\/wp-content\/uploads\/2020\/05\/SophieneckKleinsepia-768x280.jpg 768w, https:\/\/sophieneck-berlin.de\/wp-content\/uploads\/2020\/05\/SophieneckKleinsepia-1536x561.jpg 1536w, https:\/\/sophieneck-berlin.de\/wp-content\/uploads\/2020\/05\/SophieneckKleinsepia-18x7.jpg 18w, https:\/\/sophieneck-berlin.de\/wp-content\/uploads\/2020\/05\/SophieneckKleinsepia-548x200.jpg 548w\" sizes=\"(max-width: 1600px) 100vw, 1600px\" \/>\t\t\t\t\t\t\t\t\t\t\t\t\t\t\t<\/div>\n\t\t\t\t<\/div>\n\t\t\t\t\t<\/div>\n\t\t<\/div>\n\t\t\t\t\t<\/div>\n\t\t<\/section>\n\t\t\t\t<section class=\"elementor-section elementor-top-section elementor-element elementor-element-6311355e elementor-section-boxed elementor-section-height-default elementor-section-height-default\" data-id=\"6311355e\" data-element_type=\"section\" data-e-type=\"section\">\n\t\t\t\t\t\t<div class=\"elementor-container elementor-column-gap-no\">\n\t\t\t\t\t<div class=\"elementor-column elementor-col-33 elementor-top-column elementor-element elementor-element-3c09de97\" data-id=\"3c09de97\" data-element_type=\"column\" data-e-type=\"column\">\n\t\t\t<div class=\"elementor-widget-wrap elementor-element-populated\">\n\t\t\t\t\t\t<div class=\"elementor-element elementor-element-1b5c33f4 elementor-invisible elementor-widget elementor-widget-heading\" data-id=\"1b5c33f4\" data-element_type=\"widget\" data-e-type=\"widget\" data-settings=\"{&quot;_animation&quot;:&quot;fadeInLeft&quot;}\" data-widget_type=\"heading.default\">\n\t\t\t\t<div class=\"elementor-widget-container\">\n\t\t\t\t\t<h2 class=\"elementor-heading-title elementor-size-default\">Zur Geschichte einer Ecke<\/h2>\t\t\t\t<\/div>\n\t\t\t\t<\/div>\n\t\t\t\t<div class=\"elementor-element elementor-element-5c838a11 elementor-widget elementor-widget-text-editor\" data-id=\"5c838a11\" data-element_type=\"widget\" data-e-type=\"widget\" data-widget_type=\"text-editor.default\">\n\t\t\t\t<div class=\"elementor-widget-container\">\n\t\t\t\t\t\t\t\t\t<p>Hier k\u00f6nnen Sie eintauchen in die geschichtstr\u00e4chtige Spandauer Vorstadt. Stellen Sie sich zun\u00e4chst eine Dampfw\u00e4scherei aus der Jahrhundertwende vor, genau dieses Stampfen, dieser Duft, diese W\u00e4rme&#8230;, dann kamen Pferde und Wagen vom Fuhrunternehmen aus der Sophien 28 unters Dach, aber das sollte es noch nicht gewesen sein.<\/p>\t\t\t\t\t\t\t\t<\/div>\n\t\t\t\t<\/div>\n\t\t\t\t<div class=\"elementor-element elementor-element-0a283d1 elementor-widget elementor-widget-text-editor\" data-id=\"0a283d1\" data-element_type=\"widget\" data-e-type=\"widget\" data-widget_type=\"text-editor.default\">\n\t\t\t\t<div class=\"elementor-widget-container\">\n\t\t\t\t\t\t\t\t\t<p>Aus dem Westpreu\u00dfischen r\u00fcckten 1924 Gertrud und Ernst Balzer an, erwarben das &#8222;Hinterteil des Sophieneck&#8217;\u00b4s und sorgten fortan f\u00fcr leise Ger\u00e4usche und liebliche D\u00fcfte. Das Ehepaar brachte eine B\u00e4ckerei zu Gange und neun Jahre sp\u00e4ter Traudel Balzer. Also buk B\u00e4cker Balzer ab 1926 Brot und daneben waren die &#8222;Otto Berg Bestattungen&#8220;.<\/p>\n<p><\/p>\t\t\t\t\t\t\t\t<\/div>\n\t\t\t\t<\/div>\n\t\t\t\t<div class=\"elementor-element elementor-element-937b1ee elementor-widget elementor-widget-text-editor\" data-id=\"937b1ee\" data-element_type=\"widget\" data-e-type=\"widget\" data-widget_type=\"text-editor.default\">\n\t\t\t\t<div class=\"elementor-widget-container\">\n\t\t\t\t\t\t\t\t\t<p>Vorn in der runden Fensterecke hatte Mutter Erdmann eine kleine Kneipe. Vier Tische, immer wei\u00df gedeckt. Im Angebot Bouletten, Rollm\u00f6pse, Soleier, saure Gurken. Mutter Erdmann trug nur blaue Kleider, hatte silbergraues Haar und stand ewig hinter der Theke, bis Anfang der vierziger Jahre. Nach Mutter Erdmann wurde die kleine Kneipe Lagerraum f\u00fcr das Bestattungsunternehmen Otto Berg &#8211; die Zeit war g\u00fcnstig.<\/p>\t\t\t\t\t\t\t\t<\/div>\n\t\t\t\t<\/div>\n\t\t\t\t<div class=\"elementor-element elementor-element-1942fcb elementor-widget elementor-widget-text-editor\" data-id=\"1942fcb\" data-element_type=\"widget\" data-e-type=\"widget\" data-widget_type=\"text-editor.default\">\n\t\t\t\t<div class=\"elementor-widget-container\">\n\t\t\t\t\t\t\t\t\t<p>Und so blieb es bis 1961, dann kam die Mauer, das Haus wurde lange Jahre durch die staatliche Wohnungsbauverwaltung vernachl\u00e4ssigt. Familie Balzer buk wacker weiter &#8211; bis 1984, nun schon ihre Tochter Traudel Balzer, sie hatte die B\u00e4ckerei von ihren Eltern \u00fcbernommen. Dann ging&#8217;s im Sommer r\u00fcber in die Sophie 30, innerhalb von einem Monat, denn langsam begann die staatliche Rekonstruktion der Sophienstra\u00dfe.<\/p><p>\u00a0<\/p>\t\t\t\t\t\t\t\t<\/div>\n\t\t\t\t<\/div>\n\t\t\t\t<div class=\"elementor-element elementor-element-32804ae elementor-widget elementor-widget-text-editor\" data-id=\"32804ae\" data-element_type=\"widget\" data-e-type=\"widget\" data-widget_type=\"text-editor.default\">\n\t\t\t\t<div class=\"elementor-widget-container\">\n\t\t\t\t\t\t\t\t\t<p>Aus allen ehemaligen R\u00e4umen von Mutter Erdmann, B\u00e4cker Balzer und dem Bestattungsunternehmen wurde letztendlich das &#8222;Sophieneck&#8220;.<\/p>\t\t\t\t\t\t\t\t<\/div>\n\t\t\t\t<\/div>\n\t\t\t\t\t<\/div>\n\t\t<\/div>\n\t\t\t\t<div class=\"elementor-column elementor-col-33 elementor-top-column elementor-element elementor-element-b192619\" data-id=\"b192619\" data-element_type=\"column\" data-e-type=\"column\">\n\t\t\t<div class=\"elementor-widget-wrap elementor-element-populated\">\n\t\t\t\t\t\t<div class=\"elementor-element elementor-element-4cb97c3 elementor-widget elementor-widget-elementskit-image-comparison\" data-id=\"4cb97c3\" data-element_type=\"widget\" data-e-type=\"widget\" data-widget_type=\"elementskit-image-comparison.default\">\n\t\t\t\t<div class=\"elementor-widget-container\">\n\t\t\t\t\t<div class=\"ekit-wid-con\" >\n\t\t<div class=\"elementskit-image-comparison image-comparison-container-vertical\" data-offset=\"0.5\" data-overlay=\"\" data-label_after=\"Heute\" data-label_before=\"80er Jahre  FotoKlaus Bdicker\" data-move_slider_on_hover=\"true\" data-click_to_move=\"\">\n\t\t\t<img decoding=\"async\" src=\"https:\/\/sophieneck-berlin.de\/wp-content\/uploads\/2020\/05\/sophieneck_alt.jpg\" title=\"sophieneck_alt\" alt=\"sophieneck_alt\" loading=\"lazy\" \/><img decoding=\"async\" src=\"https:\/\/sophieneck-berlin.de\/wp-content\/uploads\/2020\/05\/Sopieneck_neu.jpg\" title=\"Sopieneck_neu\" alt=\"Sopieneck_neu\" loading=\"lazy\" \/>\t\t<\/div>\n\n\t<\/div>\t\t\t\t<\/div>\n\t\t\t\t<\/div>\n\t\t\t\t\t<\/div>\n\t\t<\/div>\n\t\t\t\t<div class=\"elementor-column elementor-col-33 elementor-top-column elementor-element elementor-element-de47225 animated-fast elementor-invisible\" data-id=\"de47225\" data-element_type=\"column\" data-e-type=\"column\" data-settings=\"{&quot;background_background&quot;:&quot;classic&quot;,&quot;animation&quot;:&quot;fadeInRight&quot;}\">\n\t\t\t<div class=\"elementor-widget-wrap elementor-element-populated\">\n\t\t\t\t\t\t<div class=\"elementor-element elementor-element-caf4e58 elementor-widget elementor-widget-text-editor\" data-id=\"caf4e58\" data-element_type=\"widget\" data-e-type=\"widget\" data-settings=\"{&quot;_animation&quot;:&quot;none&quot;}\" data-widget_type=\"text-editor.default\">\n\t\t\t\t<div class=\"elementor-widget-container\">\n\t\t\t\t\t\t\t\t\t<p style=\"text-align: center;\"><a href=\"https:\/\/sophieneck-berlin.de\/der-kiez-spandauer-vorstadt\/\"><span style=\"color: #ffffff;\">Kiez Spandauer Vorstadt<br \/><\/span><\/a><\/p>\t\t\t\t\t\t\t\t<\/div>\n\t\t\t\t<\/div>\n\t\t\t\t<div class=\"elementor-element elementor-element-acf6190 elementor-widget elementor-widget-text-editor\" data-id=\"acf6190\" data-element_type=\"widget\" data-e-type=\"widget\" data-settings=\"{&quot;_animation&quot;:&quot;none&quot;}\" data-widget_type=\"text-editor.default\">\n\t\t\t\t<div class=\"elementor-widget-container\">\n\t\t\t\t\t\t\t\t\t<p style=\"text-align: center;\"><span style=\"color: #ffffff;\"><a style=\"color: #ffffff;\" href=\"https:\/\/sophieneck-berlin.de\/kieztrundgang\/\">Erlebnis Stadtf\u00fchrung durch den Kiez<\/a><br \/><\/span><\/p>\t\t\t\t\t\t\t\t<\/div>\n\t\t\t\t<\/div>\n\t\t\t\t<div class=\"elementor-element elementor-element-0d7327f elementor-widget elementor-widget-text-editor\" data-id=\"0d7327f\" data-element_type=\"widget\" data-e-type=\"widget\" data-settings=\"{&quot;_animation&quot;:&quot;none&quot;}\" data-widget_type=\"text-editor.default\">\n\t\t\t\t<div class=\"elementor-widget-container\">\n\t\t\t\t\t\t\t\t\t<p style=\"text-align: center;\"><span style=\"color: #ffffff;\"><a style=\"color: #ffffff;\" href=\"https:\/\/sophieneck-berlin.de\/kultur\/\">Kulturtipps aus dem Kiez<\/a><br \/><\/span><\/p>\t\t\t\t\t\t\t\t<\/div>\n\t\t\t\t<\/div>\n\t\t\t\t\t<\/div>\n\t\t<\/div>\n\t\t\t\t\t<\/div>\n\t\t<\/section>\n\t\t\t\t<\/div>\n\t\t","protected":false},"excerpt":{"rendered":"<p>Zur Geschichte einer Ecke Hier k\u00f6nnen Sie eintauchen in die geschichtstr\u00e4chtige Spandauer Vorstadt. Stellen Sie sich zun\u00e4chst eine Dampfw\u00e4scherei aus der Jahrhundertwende vor, genau dieses Stampfen, dieser Duft, diese W\u00e4rme&#8230;, dann kamen Pferde und Wagen vom Fuhrunternehmen aus der Sophien 28 unters Dach, aber das sollte es noch nicht gewesen &hellip;<\/p>\n","protected":false},"author":1,"featured_media":0,"parent":0,"menu_order":0,"comment_status":"closed","ping_status":"closed","template":"elementor_header_footer","meta":{"footnotes":""},"folder":[],"class_list":["post-363","page","type-page","status-publish","hentry"],"_links":{"self":[{"href":"https:\/\/sophieneck-berlin.de\/de_de\/wp-json\/wp\/v2\/pages\/363","targetHints":{"allow":["GET"]}}],"collection":[{"href":"https:\/\/sophieneck-berlin.de\/de_de\/wp-json\/wp\/v2\/pages"}],"about":[{"href":"https:\/\/sophieneck-berlin.de\/de_de\/wp-json\/wp\/v2\/types\/page"}],"author":[{"embeddable":true,"href":"https:\/\/sophieneck-berlin.de\/de_de\/wp-json\/wp\/v2\/users\/1"}],"replies":[{"embeddable":true,"href":"https:\/\/sophieneck-berlin.de\/de_de\/wp-json\/wp\/v2\/comments?post=363"}],"version-history":[{"count":31,"href":"https:\/\/sophieneck-berlin.de\/de_de\/wp-json\/wp\/v2\/pages\/363\/revisions"}],"predecessor-version":[{"id":4630,"href":"https:\/\/sophieneck-berlin.de\/de_de\/wp-json\/wp\/v2\/pages\/363\/revisions\/4630"}],"wp:attachment":[{"href":"https:\/\/sophieneck-berlin.de\/de_de\/wp-json\/wp\/v2\/media?parent=363"}],"wp:term":[{"taxonomy":"folder","embeddable":true,"href":"https:\/\/sophieneck-berlin.de\/de_de\/wp-json\/wp\/v2\/folder?post=363"}],"curies":[{"name":"wp","href":"https:\/\/api.w.org\/{rel}","templated":true}]}}