{"id":393,"date":"2020-05-21T07:51:35","date_gmt":"2020-05-21T05:51:35","guid":{"rendered":"https:\/\/sophieneck.de\/?page_id=393"},"modified":"2023-11-18T20:42:05","modified_gmt":"2023-11-18T19:42:05","slug":"stadtfuehrungen","status":"publish","type":"page","link":"https:\/\/sophieneck-berlin.de\/de_de\/stadtfuehrungen\/","title":{"rendered":"Stadtf\u00fchrungen"},"content":{"rendered":"\t\t<div data-elementor-type=\"wp-page\" data-elementor-id=\"393\" class=\"elementor elementor-393\">\n\t\t\t\t\t\t<section class=\"elementor-section elementor-top-section elementor-element elementor-element-71d5dd64 elementor-section-boxed elementor-section-height-default elementor-section-height-default\" data-id=\"71d5dd64\" data-element_type=\"section\" data-e-type=\"section\">\n\t\t\t\t\t\t<div class=\"elementor-container elementor-column-gap-no\">\n\t\t\t\t\t<div class=\"elementor-column elementor-col-100 elementor-top-column elementor-element elementor-element-48b7f181\" data-id=\"48b7f181\" data-element_type=\"column\" data-e-type=\"column\">\n\t\t\t<div class=\"elementor-widget-wrap elementor-element-populated\">\n\t\t\t\t\t\t<div class=\"elementor-element elementor-element-279f9143 elementor-widget elementor-widget-image\" data-id=\"279f9143\" data-element_type=\"widget\" data-e-type=\"widget\" data-widget_type=\"image.default\">\n\t\t\t\t<div class=\"elementor-widget-container\">\n\t\t\t\t\t\t\t\t\t\t\t\t\t\t\t<img fetchpriority=\"high\" decoding=\"async\" width=\"1600\" height=\"300\" src=\"https:\/\/sophieneck-berlin.de\/wp-content\/uploads\/2020\/05\/SophieneckBerlin_1600x300.jpg\" class=\"attachment-full size-full wp-image-216\" alt=\"\" srcset=\"https:\/\/sophieneck-berlin.de\/wp-content\/uploads\/2020\/05\/SophieneckBerlin_1600x300.jpg 1600w, https:\/\/sophieneck-berlin.de\/wp-content\/uploads\/2020\/05\/SophieneckBerlin_1600x300-600x113.jpg 600w, https:\/\/sophieneck-berlin.de\/wp-content\/uploads\/2020\/05\/SophieneckBerlin_1600x300-300x56.jpg 300w, https:\/\/sophieneck-berlin.de\/wp-content\/uploads\/2020\/05\/SophieneckBerlin_1600x300-1024x192.jpg 1024w, https:\/\/sophieneck-berlin.de\/wp-content\/uploads\/2020\/05\/SophieneckBerlin_1600x300-768x144.jpg 768w, https:\/\/sophieneck-berlin.de\/wp-content\/uploads\/2020\/05\/SophieneckBerlin_1600x300-1536x288.jpg 1536w, https:\/\/sophieneck-berlin.de\/wp-content\/uploads\/2020\/05\/SophieneckBerlin_1600x300-18x3.jpg 18w, https:\/\/sophieneck-berlin.de\/wp-content\/uploads\/2020\/05\/SophieneckBerlin_1600x300-1067x200.jpg 1067w\" sizes=\"(max-width: 1600px) 100vw, 1600px\" \/>\t\t\t\t\t\t\t\t\t\t\t\t\t\t\t<\/div>\n\t\t\t\t<\/div>\n\t\t\t\t\t<\/div>\n\t\t<\/div>\n\t\t\t\t\t<\/div>\n\t\t<\/section>\n\t\t\t\t<section class=\"elementor-section elementor-top-section elementor-element elementor-element-14b847aa elementor-section-boxed elementor-section-height-default elementor-section-height-default\" data-id=\"14b847aa\" data-element_type=\"section\" data-e-type=\"section\">\n\t\t\t\t\t\t<div class=\"elementor-container elementor-column-gap-no\">\n\t\t\t\t\t<div class=\"elementor-column elementor-col-50 elementor-top-column elementor-element elementor-element-6a72cc95\" data-id=\"6a72cc95\" data-element_type=\"column\" data-e-type=\"column\">\n\t\t\t<div class=\"elementor-widget-wrap elementor-element-populated\">\n\t\t\t\t\t\t<div class=\"elementor-element elementor-element-2852570d animated-fast elementor-invisible elementor-widget elementor-widget-heading\" data-id=\"2852570d\" data-element_type=\"widget\" data-e-type=\"widget\" data-settings=\"{&quot;_animation&quot;:&quot;fadeInLeft&quot;}\" data-widget_type=\"heading.default\">\n\t\t\t\t<div class=\"elementor-widget-container\">\n\t\t\t\t\t<h2 class=\"elementor-heading-title elementor-size-default\">Das Erlebnis \u2013 ein Stadtrundgang mit Tobias v. Schoenebeck<\/h2>\t\t\t\t<\/div>\n\t\t\t\t<\/div>\n\t\t\t\t<div class=\"elementor-element elementor-element-ad25b58 elementor-widget-divider--view-line elementor-widget elementor-widget-divider\" data-id=\"ad25b58\" data-element_type=\"widget\" data-e-type=\"widget\" data-widget_type=\"divider.default\">\n\t\t\t\t<div class=\"elementor-widget-container\">\n\t\t\t\t\t\t\t<div class=\"elementor-divider\">\n\t\t\t<span class=\"elementor-divider-separator\">\n\t\t\t\t\t\t<\/span>\n\t\t<\/div>\n\t\t\t\t\t\t<\/div>\n\t\t\t\t<\/div>\n\t\t\t\t<div class=\"elementor-element elementor-element-c2a295b elementor-widget elementor-widget-text-editor\" data-id=\"c2a295b\" data-element_type=\"widget\" data-e-type=\"widget\" data-widget_type=\"text-editor.default\">\n\t\t\t\t<div class=\"elementor-widget-container\">\n\t\t\t\t\t\t\t\t\t<p>Die urige Schank- und Speisewirtschaft &#8222;Sophien&#8217;Eck&#8220; liegt inmitten des am besten erhaltenen Viertels der Berliner Altstadt, der Spandauer Vorstadt, die sich zwischen dem Hackeschen Markt, dem Rosenthaler Platz und der Oranienburger Stra\u00dfe erstreckt.<\/p><p>Entdecken Sie auf einer Kiezf\u00fchrung einzigartige und wundersch\u00f6n renovierte Hofanlagen, die Toleranzmeile, in der Protestanten, Katholiken und Juden friedlich nebeneinander lebten und wieder leben, die \u00e4lteste erhaltene Kirche im Berliner Zentrum, die quirlige Kunstszene mit innovativen Galerien, Sammlungen und Ateliers, originelle Gesch\u00e4fte und coole Bars.<\/p><p>Auf einem munteren Spaziergang stellen wir Ihnen Pers\u00f6nlichkeiten vor, die hier gewirkt und gelebt haben: den Generalleutnant Hans-Christoph von Hacke, die K\u00f6nigin Sophie Luise, die preu\u00dfische Sappho Anna Luisa Karschin, den Reviervorsteher Wilhelm Kr\u00fctzfeld u.v.m.<\/p><p>Erleben Sie auf einem Bummel durch die Stra\u00dfen dieses Viertels Geschichte und Geschichten aus drei Jahrhunderten.<\/p><p>Wir veranstalten diese Kiezf\u00fchrung auf Bestellung, sie dauert je nach Wunsch zwischen einer und zwei Stunden.<\/p><p>Idealer Startpunkt f\u00fcr die F\u00fchrungen sind entweder das &#8222;Sophieneck&#8220; oder der 1. Hackesche Hof, Rosenthaler Stra\u00dfe 40\/41.<\/p><p>Im Anschluss an die F\u00fchrung schmeckt das Bier und ein deftiges Abendessen im &#8222;Sophieneck&#8220; besonders gut &#8230;<\/p>\t\t\t\t\t\t\t\t<\/div>\n\t\t\t\t<\/div>\n\t\t\t\t<div class=\"elementor-element elementor-element-abbefb5 elementor-widget elementor-widget-text-editor\" data-id=\"abbefb5\" data-element_type=\"widget\" data-e-type=\"widget\" data-widget_type=\"text-editor.default\">\n\t\t\t\t<div class=\"elementor-widget-container\">\n\t\t\t\t\t\t\t\t\t<h5><strong>Preise (inkl. 19% MwSt.)<\/strong><\/h5>\n<table border=\"0\" width=\"100%\">\n<tbody>\n<tr>\n<td><\/td>\n<td><b>Gruppentarif<\/b>\n(bis 20 Personen)<\/td>\n<td><b>Kleingruppentarif<\/b>\n(bis 6 Personen)<\/td>\n<\/tr>\n<tr>\n<td>1 Stunde<\/td>\n<td>100,00 Euro<\/td>\n<td>75,00 Euro<\/td>\n<\/tr>\n<tr>\n<td>2 Stunden<\/td>\n<td>150,00 Euro<\/td>\n<td>100,00 Euro<\/td>\n<\/tr>\n<\/tbody>\n<\/table>\t\t\t\t\t\t\t\t<\/div>\n\t\t\t\t<\/div>\n\t\t\t\t<div class=\"elementor-element elementor-element-bc187e5 elementor-widget elementor-widget-text-editor\" data-id=\"bc187e5\" data-element_type=\"widget\" data-e-type=\"widget\" data-widget_type=\"text-editor.default\">\n\t\t\t\t<div class=\"elementor-widget-container\">\n\t\t\t\t\t\t\t\t\t<p>Weitere Informationen und Reservierung:<br \/>Tobias v. Schoenebeck<br \/>Schoenebeck-Kulturarrangements<\/p><p>Tel.: +49 30 &#8211; 691 55 08<br \/>Fax: +49 30 &#8211; 691 55 07<\/p><p>E-mail: <a href=\"mailto:schoenebeck@web.de?subject=www.sophieneck-berlin.de&amp;body=Stadtfuehrung\">schoenebeck@web.de<\/a><\/p>\t\t\t\t\t\t\t\t<\/div>\n\t\t\t\t<\/div>\n\t\t\t\t\t<\/div>\n\t\t<\/div>\n\t\t\t\t<div class=\"elementor-column elementor-col-50 elementor-top-column elementor-element elementor-element-bdbd7cc animated-fast elementor-invisible\" data-id=\"bdbd7cc\" data-element_type=\"column\" data-e-type=\"column\" data-settings=\"{&quot;background_background&quot;:&quot;classic&quot;,&quot;animation&quot;:&quot;fadeInRight&quot;}\">\n\t\t\t<div class=\"elementor-widget-wrap elementor-element-populated\">\n\t\t\t\t\t\t<div class=\"elementor-element elementor-element-32b253b elementor-widget elementor-widget-text-editor\" data-id=\"32b253b\" data-element_type=\"widget\" data-e-type=\"widget\" data-settings=\"{&quot;_animation&quot;:&quot;none&quot;}\" data-widget_type=\"text-editor.default\">\n\t\t\t\t<div class=\"elementor-widget-container\">\n\t\t\t\t\t\t\t\t\t<p style=\"text-align: center;\"><a href=\"https:\/\/sophieneck-berlin.de\/kiezrundgang\/\"><span style=\"color: #ffffff;\">Kiez Spandauer Vorstadt<br \/><\/span><\/a><\/p>\t\t\t\t\t\t\t\t<\/div>\n\t\t\t\t<\/div>\n\t\t\t\t<div class=\"elementor-element elementor-element-17ec159 elementor-widget elementor-widget-text-editor\" data-id=\"17ec159\" data-element_type=\"widget\" data-e-type=\"widget\" data-settings=\"{&quot;_animation&quot;:&quot;none&quot;}\" data-widget_type=\"text-editor.default\">\n\t\t\t\t<div class=\"elementor-widget-container\">\n\t\t\t\t\t\t\t\t\t<p style=\"text-align: center;\"><span style=\"color: #ffffff;\"><a style=\"color: #ffffff;\" href=\"https:\/\/sophieneck-berlin.de\/zur-geschichte-einer-ecke\/\">Zur Geschichte einer Ecke<\/a><br \/><\/span><\/p>\t\t\t\t\t\t\t\t<\/div>\n\t\t\t\t<\/div>\n\t\t\t\t<div class=\"elementor-element elementor-element-05f2898 elementor-widget elementor-widget-text-editor\" data-id=\"05f2898\" data-element_type=\"widget\" data-e-type=\"widget\" data-settings=\"{&quot;_animation&quot;:&quot;none&quot;}\" data-widget_type=\"text-editor.default\">\n\t\t\t\t<div class=\"elementor-widget-container\">\n\t\t\t\t\t\t\t\t\t<p style=\"text-align: center;\"><span style=\"color: #ffffff;\"><a style=\"color: #ffffff;\" href=\"https:\/\/sophieneck-berlin.de\/stadtfuehrungen\/\">Erlebnis Stadtf\u00fchrung durch den Kiez<\/a><br \/><\/span><\/p>\t\t\t\t\t\t\t\t<\/div>\n\t\t\t\t<\/div>\n\t\t\t\t<div class=\"elementor-element elementor-element-21d455d elementor-widget elementor-widget-text-editor\" data-id=\"21d455d\" data-element_type=\"widget\" data-e-type=\"widget\" data-settings=\"{&quot;_animation&quot;:&quot;none&quot;}\" data-widget_type=\"text-editor.default\">\n\t\t\t\t<div class=\"elementor-widget-container\">\n\t\t\t\t\t\t\t\t\t<p style=\"text-align: center;\"><span style=\"color: #ffffff;\"><a style=\"color: #ffffff;\" href=\"https:\/\/sophieneck-berlin.de\/tipps-und-links\/\">Kulturtipps aus dem Kiez<\/a><br \/><\/span><\/p>\t\t\t\t\t\t\t\t<\/div>\n\t\t\t\t<\/div>\n\t\t\t\t\t<\/div>\n\t\t<\/div>\n\t\t\t\t\t<\/div>\n\t\t<\/section>\n\t\t\t\t<\/div>\n\t\t","protected":false},"excerpt":{"rendered":"<p>Das Erlebnis \u2013 ein Stadtrundgang mit Tobias v. Schoenebeck Die urige Schank- und Speisewirtschaft &#8222;Sophien&#8217;Eck&#8220; liegt inmitten des am besten erhaltenen Viertels der Berliner Altstadt, der Spandauer Vorstadt, die sich zwischen dem Hackeschen Markt, dem Rosenthaler Platz und der Oranienburger Stra\u00dfe erstreckt. Entdecken Sie auf einer Kiezf\u00fchrung einzigartige und wundersch\u00f6n &hellip;<\/p>\n","protected":false},"author":1,"featured_media":0,"parent":0,"menu_order":0,"comment_status":"closed","ping_status":"closed","template":"elementor_header_footer","meta":{"footnotes":""},"folder":[],"class_list":["post-393","page","type-page","status-publish","hentry"],"_links":{"self":[{"href":"https:\/\/sophieneck-berlin.de\/de_de\/wp-json\/wp\/v2\/pages\/393","targetHints":{"allow":["GET"]}}],"collection":[{"href":"https:\/\/sophieneck-berlin.de\/de_de\/wp-json\/wp\/v2\/pages"}],"about":[{"href":"https:\/\/sophieneck-berlin.de\/de_de\/wp-json\/wp\/v2\/types\/page"}],"author":[{"embeddable":true,"href":"https:\/\/sophieneck-berlin.de\/de_de\/wp-json\/wp\/v2\/users\/1"}],"replies":[{"embeddable":true,"href":"https:\/\/sophieneck-berlin.de\/de_de\/wp-json\/wp\/v2\/comments?post=393"}],"version-history":[{"count":20,"href":"https:\/\/sophieneck-berlin.de\/de_de\/wp-json\/wp\/v2\/pages\/393\/revisions"}],"predecessor-version":[{"id":1034,"href":"https:\/\/sophieneck-berlin.de\/de_de\/wp-json\/wp\/v2\/pages\/393\/revisions\/1034"}],"wp:attachment":[{"href":"https:\/\/sophieneck-berlin.de\/de_de\/wp-json\/wp\/v2\/media?parent=393"}],"wp:term":[{"taxonomy":"folder","embeddable":true,"href":"https:\/\/sophieneck-berlin.de\/de_de\/wp-json\/wp\/v2\/folder?post=393"}],"curies":[{"name":"wp","href":"https:\/\/api.w.org\/{rel}","templated":true}]}}