{"id":4535,"date":"2025-03-28T16:36:42","date_gmt":"2025-03-28T15:36:42","guid":{"rendered":"https:\/\/sophieneck-berlin.de\/?page_id=4535"},"modified":"2026-02-22T12:23:02","modified_gmt":"2026-02-22T11:23:02","slug":"speisen-getreanke","status":"publish","type":"page","link":"https:\/\/sophieneck-berlin.de\/de_de\/speisen-getreanke\/","title":{"rendered":"Speisen-Getreanke"},"content":{"rendered":"\t\t<div data-elementor-type=\"wp-page\" data-elementor-id=\"4535\" class=\"elementor elementor-4535\">\n\t\t\t\t\t\t<section class=\"elementor-section elementor-top-section elementor-element elementor-element-3eb2487 elementor-section-content-top elementor-section-boxed elementor-section-height-default elementor-section-height-default\" data-id=\"3eb2487\" data-element_type=\"section\" data-e-type=\"section\">\n\t\t\t\t\t\t<div class=\"elementor-container elementor-column-gap-no\">\n\t\t\t\t\t<div class=\"elementor-column elementor-col-100 elementor-top-column elementor-element elementor-element-a70e2a8\" data-id=\"a70e2a8\" data-element_type=\"column\" data-e-type=\"column\">\n\t\t\t<div class=\"elementor-widget-wrap elementor-element-populated\">\n\t\t\t\t\t\t<div class=\"elementor-element elementor-element-39ec5d0 elementor-tabs-view-horizontal elementor-widget elementor-widget-tabs\" data-id=\"39ec5d0\" data-element_type=\"widget\" data-e-type=\"widget\" data-widget_type=\"tabs.default\">\n\t\t\t\t<div class=\"elementor-widget-container\">\n\t\t\t\t\t\t\t<div class=\"elementor-tabs\">\n\t\t\t<div class=\"elementor-tabs-wrapper\" role=\"tablist\" >\n\t\t\t\t\t\t\t\t\t<div id=\"elementor-tab-title-6071\" class=\"elementor-tab-title elementor-tab-desktop-title\" aria-selected=\"true\" data-tab=\"1\" role=\"tab\" tabindex=\"0\" aria-controls=\"elementor-tab-content-6071\" aria-expanded=\"false\">Aktuelles Angebot<\/div>\n\t\t\t\t\t\t\t\t\t<div id=\"elementor-tab-title-6072\" class=\"elementor-tab-title elementor-tab-desktop-title\" aria-selected=\"false\" data-tab=\"2\" role=\"tab\" tabindex=\"-1\" aria-controls=\"elementor-tab-content-6072\" aria-expanded=\"false\">Speisen<\/div>\n\t\t\t\t\t\t\t\t\t<div id=\"elementor-tab-title-6073\" class=\"elementor-tab-title elementor-tab-desktop-title\" aria-selected=\"false\" data-tab=\"3\" role=\"tab\" tabindex=\"-1\" aria-controls=\"elementor-tab-content-6073\" aria-expanded=\"false\">Getr\u00e4nke<\/div>\n\t\t\t\t\t\t\t\t\t<div id=\"elementor-tab-title-6074\" class=\"elementor-tab-title elementor-tab-desktop-title\" aria-selected=\"false\" data-tab=\"4\" role=\"tab\" tabindex=\"-1\" aria-controls=\"elementor-tab-content-6074\" aria-expanded=\"false\">Weinkarte<\/div>\n\t\t\t\t\t\t\t\t\t<div id=\"elementor-tab-title-6075\" class=\"elementor-tab-title elementor-tab-desktop-title\" aria-selected=\"false\" data-tab=\"5\" role=\"tab\" tabindex=\"-1\" aria-controls=\"elementor-tab-content-6075\" aria-expanded=\"false\">Unser Berlin-Spezial<\/div>\n\t\t\t\t\t\t\t<\/div>\n\t\t\t<div class=\"elementor-tabs-content-wrapper\" role=\"tablist\" aria-orientation=\"vertical\">\n\t\t\t\t\t\t\t\t\t<div class=\"elementor-tab-title elementor-tab-mobile-title\" aria-selected=\"true\" data-tab=\"1\" role=\"tab\" tabindex=\"0\" aria-controls=\"elementor-tab-content-6071\" aria-expanded=\"false\">Aktuelles Angebot<\/div>\n\t\t\t\t\t<div id=\"elementor-tab-content-6071\" class=\"elementor-tab-content elementor-clearfix\" data-tab=\"1\" role=\"tabpanel\" aria-labelledby=\"elementor-tab-title-6071\" tabindex=\"0\" hidden=\"false\"><p><div class=\"_df_book df-lite\" id=\"df_5674\"  _slug=\"mittag-de\" data-title=\"mittag-de\" wpoptions=\"true\" thumbtype=\"\" ><\/div><script class=\"df-shortcode-script\" nowprocket type=\"application\/javascript\">window.option_df_5674 = {\"outline\":[],\"backgroundColor\":\"#ffffff\",\"height\":\"700\",\"viewerType\":\"flipbook\",\"autoEnableOutline\":\"false\",\"autoEnableThumbnail\":\"true\",\"overwritePDFOutline\":\"false\",\"direction\":\"1\",\"pageSize\":\"0\",\"controlsPosition\":\"top\",\"source\":\"https:\\\/\\\/sophieneck-berlin.de\\\/wp-content\\\/uploads\\\/2026\\\/03\\\/Sophieneck_Osterkarte_2026.pdf\",\"wpOptions\":\"true\"}; if(window.DFLIP && window.DFLIP.parseBooks){window.DFLIP.parseBooks();}<\/script><\/p><\/div>\n\t\t\t\t\t\t\t\t\t<div class=\"elementor-tab-title elementor-tab-mobile-title\" aria-selected=\"false\" data-tab=\"2\" role=\"tab\" tabindex=\"-1\" aria-controls=\"elementor-tab-content-6072\" aria-expanded=\"false\">Speisen<\/div>\n\t\t\t\t\t<div id=\"elementor-tab-content-6072\" class=\"elementor-tab-content elementor-clearfix\" data-tab=\"2\" role=\"tabpanel\" aria-labelledby=\"elementor-tab-title-6072\" tabindex=\"0\" hidden=\"hidden\"><p><div class=\"_df_book df-lite\" id=\"df_3788\"  _slug=\"speisen-dt\" data-title=\"speisen-de\" wpoptions=\"true\" thumbtype=\"\" ><\/div><script class=\"df-shortcode-script\" nowprocket type=\"application\/javascript\">window.option_df_3788 = {\"outline\":[{\"title\":\"\",\"dest\":\"\"}],\"backgroundColor\":\"#e2e2e2\",\"height\":\"700\",\"duration\":\"4000\",\"autoEnableOutline\":\"false\",\"autoEnableThumbnail\":\"false\",\"overwritePDFOutline\":\"false\",\"enableDownload\":\"true\",\"direction\":\"1\",\"pageSize\":\"0\",\"pageMode\":\"2\",\"controlsPosition\":\"top\",\"autoPlay\":\"true\",\"autoPlayDuration\":\"10000\",\"autoPlayStart\":\"true\",\"source\":\"https:\\\/\\\/sophieneck-berlin.de\\\/wp-content\\\/uploads\\\/2025\\\/10\\\/SpeiseKarte_Herbst2025_Sophieneck.pdf\",\"wpOptions\":\"true\"}; if(window.DFLIP && window.DFLIP.parseBooks){window.DFLIP.parseBooks();}<\/script><\/p><\/div>\n\t\t\t\t\t\t\t\t\t<div class=\"elementor-tab-title elementor-tab-mobile-title\" aria-selected=\"false\" data-tab=\"3\" role=\"tab\" tabindex=\"-1\" aria-controls=\"elementor-tab-content-6073\" aria-expanded=\"false\">Getr\u00e4nke<\/div>\n\t\t\t\t\t<div id=\"elementor-tab-content-6073\" class=\"elementor-tab-content elementor-clearfix\" data-tab=\"3\" role=\"tabpanel\" aria-labelledby=\"elementor-tab-title-6073\" tabindex=\"0\" hidden=\"hidden\"><p><div class=\"_df_book df-lite\" id=\"df_3793\"  _slug=\"getraenke-dt\" data-title=\"getraenke-de\" wpoptions=\"true\" thumbtype=\"\" ><\/div><script class=\"df-shortcode-script\" nowprocket type=\"application\/javascript\">window.option_df_3793 = {\"outline\":[],\"backgroundColor\":\"#e2e2e2\",\"height\":\"700\",\"duration\":\"4000\",\"autoEnableOutline\":\"false\",\"autoEnableThumbnail\":\"true\",\"overwritePDFOutline\":\"false\",\"enableDownload\":\"true\",\"direction\":\"1\",\"pageSize\":\"0\",\"pageMode\":\"2\",\"controlsPosition\":\"top\",\"maxTextureSize\":\"1600\",\"autoPlay\":\"true\",\"autoPlayDuration\":\"10000\",\"autoPlayStart\":\"true\",\"source\":\"https:\\\/\\\/sophieneck-berlin.de\\\/wp-content\\\/uploads\\\/2024\\\/07\\\/Getrarnke.pdf\",\"wpOptions\":\"true\"}; if(window.DFLIP && window.DFLIP.parseBooks){window.DFLIP.parseBooks();}<\/script><\/p><\/div>\n\t\t\t\t\t\t\t\t\t<div class=\"elementor-tab-title elementor-tab-mobile-title\" aria-selected=\"false\" data-tab=\"4\" role=\"tab\" tabindex=\"-1\" aria-controls=\"elementor-tab-content-6074\" aria-expanded=\"false\">Weinkarte<\/div>\n\t\t\t\t\t<div id=\"elementor-tab-content-6074\" class=\"elementor-tab-content elementor-clearfix\" data-tab=\"4\" role=\"tabpanel\" aria-labelledby=\"elementor-tab-title-6074\" tabindex=\"0\" hidden=\"hidden\"><p><div class=\"_df_book df-lite\" id=\"df_4227\"  _slug=\"weinkarte\" data-title=\"weinkarte-de\" wpoptions=\"true\" thumbtype=\"\" ><\/div><script class=\"df-shortcode-script\" nowprocket type=\"application\/javascript\">window.option_df_4227 = {\"outline\":[],\"backgroundColor\":\"#e2e2e2\",\"height\":\"700\",\"hard\":\"cover\",\"autoEnableOutline\":\"false\",\"autoEnableThumbnail\":\"true\",\"overwritePDFOutline\":\"false\",\"enableDownload\":\"true\",\"direction\":\"1\",\"pageSize\":\"0\",\"pageMode\":\"2\",\"controlsPosition\":\"top\",\"maxTextureSize\":\"1024\",\"autoPlay\":\"false\",\"autoPlayStart\":\"false\",\"source\":\"https:\\\/\\\/sophieneck-berlin.de\\\/wp-content\\\/uploads\\\/2025\\\/01\\\/Weinkarte.pdf\",\"wpOptions\":\"true\"}; if(window.DFLIP && window.DFLIP.parseBooks){window.DFLIP.parseBooks();}<\/script><\/p><\/div>\n\t\t\t\t\t\t\t\t\t<div class=\"elementor-tab-title elementor-tab-mobile-title\" aria-selected=\"false\" data-tab=\"5\" role=\"tab\" tabindex=\"-1\" aria-controls=\"elementor-tab-content-6075\" aria-expanded=\"false\">Unser Berlin-Spezial<\/div>\n\t\t\t\t\t<div id=\"elementor-tab-content-6075\" class=\"elementor-tab-content elementor-clearfix\" data-tab=\"5\" role=\"tabpanel\" aria-labelledby=\"elementor-tab-title-6075\" tabindex=\"0\" hidden=\"hidden\"><p><div class=\"_df_book df-lite\" id=\"df_4050\"  _slug=\"specials\" data-title=\"speisen-specials\" wpoptions=\"true\" thumbtype=\"\" ><\/div><script class=\"df-shortcode-script\" nowprocket type=\"application\/javascript\">window.option_df_4050 = {\"outline\":[],\"backgroundColor\":\"#e2e2e2\",\"height\":\"750\",\"duration\":\"5000\",\"autoEnableOutline\":\"false\",\"autoEnableThumbnail\":\"false\",\"overwritePDFOutline\":\"false\",\"direction\":\"1\",\"pageSize\":\"0\",\"pageMode\":\"2\",\"controlsPosition\":\"top\",\"source\":\"https:\\\/\\\/sophieneck-berlin.de\\\/wp-content\\\/uploads\\\/2024\\\/01\\\/Spezial.pdf\",\"wpOptions\":\"true\"}; if(window.DFLIP && window.DFLIP.parseBooks){window.DFLIP.parseBooks();}<\/script><\/p><\/div>\n\t\t\t\t\t\t\t<\/div>\n\t\t<\/div>\n\t\t\t\t\t\t<\/div>\n\t\t\t\t<\/div>\n\t\t\t\t\t<\/div>\n\t\t<\/div>\n\t\t\t\t\t<\/div>\n\t\t<\/section>\n\t\t\t\t<section class=\"elementor-section elementor-top-section elementor-element elementor-element-f987d5a elementor-section-boxed elementor-section-height-default elementor-section-height-default\" data-id=\"f987d5a\" data-element_type=\"section\" data-e-type=\"section\">\n\t\t\t\t\t\t<div class=\"elementor-container elementor-column-gap-default\">\n\t\t\t\t\t<div class=\"elementor-column elementor-col-100 elementor-top-column elementor-element elementor-element-2a63594\" data-id=\"2a63594\" data-element_type=\"column\" data-e-type=\"column\">\n\t\t\t<div class=\"elementor-widget-wrap\">\n\t\t\t\t\t\t\t<\/div>\n\t\t<\/div>\n\t\t\t\t\t<\/div>\n\t\t<\/section>\n\t\t\t\t<\/div>\n\t\t","protected":false},"excerpt":{"rendered":"<p>Aktuelles Angebot Speisen Getr\u00e4nke Weinkarte Unser Berlin-Spezial Aktuelles Angebot Speisen Getr\u00e4nke Weinkarte Unser Berlin-Spezial Offers Food Drinks Wines Our Berlin Special Offers Food Drinks Wines Our Berlin Special Offres Carte Boissons Vins Sp\u00e9cial Berlin Offres Carte Boissons Vins Sp\u00e9cial Berlin Ofertas Carta Bebidas Vinos Especial Berl\u00edn Ofertas Carta Bebidas Vinos &hellip;<\/p>\n","protected":false},"author":1,"featured_media":0,"parent":0,"menu_order":0,"comment_status":"closed","ping_status":"closed","template":"elementor_header_footer","meta":{"footnotes":""},"folder":[],"class_list":["post-4535","page","type-page","status-publish","hentry"],"_links":{"self":[{"href":"https:\/\/sophieneck-berlin.de\/de_de\/wp-json\/wp\/v2\/pages\/4535","targetHints":{"allow":["GET"]}}],"collection":[{"href":"https:\/\/sophieneck-berlin.de\/de_de\/wp-json\/wp\/v2\/pages"}],"about":[{"href":"https:\/\/sophieneck-berlin.de\/de_de\/wp-json\/wp\/v2\/types\/page"}],"author":[{"embeddable":true,"href":"https:\/\/sophieneck-berlin.de\/de_de\/wp-json\/wp\/v2\/users\/1"}],"replies":[{"embeddable":true,"href":"https:\/\/sophieneck-berlin.de\/de_de\/wp-json\/wp\/v2\/comments?post=4535"}],"version-history":[{"count":245,"href":"https:\/\/sophieneck-berlin.de\/de_de\/wp-json\/wp\/v2\/pages\/4535\/revisions"}],"predecessor-version":[{"id":5690,"href":"https:\/\/sophieneck-berlin.de\/de_de\/wp-json\/wp\/v2\/pages\/4535\/revisions\/5690"}],"wp:attachment":[{"href":"https:\/\/sophieneck-berlin.de\/de_de\/wp-json\/wp\/v2\/media?parent=4535"}],"wp:term":[{"taxonomy":"folder","embeddable":true,"href":"https:\/\/sophieneck-berlin.de\/de_de\/wp-json\/wp\/v2\/folder?post=4535"}],"curies":[{"name":"wp","href":"https:\/\/api.w.org\/{rel}","templated":true}]}}