{"id":393,"date":"2020-05-21T07:51:35","date_gmt":"2020-05-21T05:51:35","guid":{"rendered":"https:\/\/sophieneck.de\/?page_id=393"},"modified":"2023-11-18T20:42:05","modified_gmt":"2023-11-18T19:42:05","slug":"stadtfuehrungen","status":"publish","type":"page","link":"https:\/\/sophieneck-berlin.de\/es\/visitas-guiadas-a-la-ciudad\/","title":{"rendered":"Visitas guiadas a la ciudad"},"content":{"rendered":"<div data-elementor-type=\"wp-page\" data-elementor-id=\"393\" class=\"elementor elementor-393\">\n\t\t\t\t\t\t<section class=\"elementor-section elementor-top-section elementor-element elementor-element-71d5dd64 elementor-section-boxed elementor-section-height-default elementor-section-height-default\" data-id=\"71d5dd64\" data-element_type=\"section\" data-e-type=\"section\">\n\t\t\t\t\t\t<div class=\"elementor-container elementor-column-gap-no\">\n\t\t\t\t\t<div class=\"elementor-column elementor-col-100 elementor-top-column elementor-element elementor-element-48b7f181\" data-id=\"48b7f181\" data-element_type=\"column\" data-e-type=\"column\">\n\t\t\t<div class=\"elementor-widget-wrap elementor-element-populated\">\n\t\t\t\t\t\t<div class=\"elementor-element elementor-element-279f9143 elementor-widget elementor-widget-image\" data-id=\"279f9143\" data-element_type=\"widget\" data-e-type=\"widget\" data-widget_type=\"image.default\">\n\t\t\t\t<div class=\"elementor-widget-container\">\n\t\t\t\t\t\t\t\t\t\t\t\t\t\t\t<img fetchpriority=\"high\" decoding=\"async\" width=\"1600\" height=\"300\" src=\"https:\/\/sophieneck-berlin.de\/wp-content\/uploads\/2020\/05\/SophieneckBerlin_1600x300.jpg\" class=\"attachment-full size-full wp-image-216\" alt=\"\" srcset=\"https:\/\/sophieneck-berlin.de\/wp-content\/uploads\/2020\/05\/SophieneckBerlin_1600x300.jpg 1600w, https:\/\/sophieneck-berlin.de\/wp-content\/uploads\/2020\/05\/SophieneckBerlin_1600x300-600x113.jpg 600w, https:\/\/sophieneck-berlin.de\/wp-content\/uploads\/2020\/05\/SophieneckBerlin_1600x300-300x56.jpg 300w, https:\/\/sophieneck-berlin.de\/wp-content\/uploads\/2020\/05\/SophieneckBerlin_1600x300-1024x192.jpg 1024w, https:\/\/sophieneck-berlin.de\/wp-content\/uploads\/2020\/05\/SophieneckBerlin_1600x300-768x144.jpg 768w, https:\/\/sophieneck-berlin.de\/wp-content\/uploads\/2020\/05\/SophieneckBerlin_1600x300-1536x288.jpg 1536w, https:\/\/sophieneck-berlin.de\/wp-content\/uploads\/2020\/05\/SophieneckBerlin_1600x300-18x3.jpg 18w, https:\/\/sophieneck-berlin.de\/wp-content\/uploads\/2020\/05\/SophieneckBerlin_1600x300-1067x200.jpg 1067w\" sizes=\"(max-width: 1600px) 100vw, 1600px\" \/>\t\t\t\t\t\t\t\t\t\t\t\t\t\t\t<\/div>\n\t\t\t\t<\/div>\n\t\t\t\t\t<\/div>\n\t\t<\/div>\n\t\t\t\t\t<\/div>\n\t\t<\/section>\n\t\t\t\t<section class=\"elementor-section elementor-top-section elementor-element elementor-element-14b847aa elementor-section-boxed elementor-section-height-default elementor-section-height-default\" data-id=\"14b847aa\" data-element_type=\"section\" data-e-type=\"section\">\n\t\t\t\t\t\t<div class=\"elementor-container elementor-column-gap-no\">\n\t\t\t\t\t<div class=\"elementor-column elementor-col-50 elementor-top-column elementor-element elementor-element-6a72cc95\" data-id=\"6a72cc95\" data-element_type=\"column\" data-e-type=\"column\">\n\t\t\t<div class=\"elementor-widget-wrap elementor-element-populated\">\n\t\t\t\t\t\t<div class=\"elementor-element elementor-element-2852570d animated-fast elementor-invisible elementor-widget elementor-widget-heading\" data-id=\"2852570d\" data-element_type=\"widget\" data-e-type=\"widget\" data-settings=\"{&quot;_animation&quot;:&quot;fadeInLeft&quot;}\" data-widget_type=\"heading.default\">\n\t\t\t\t<div class=\"elementor-widget-container\">\n\t\t\t\t\t<h2 class=\"elementor-heading-title elementor-size-default\">La experiencia - un paseo por la ciudad con Tob\u00edas contra Schoenebeck<\/h2>\t\t\t\t<\/div>\n\t\t\t\t<\/div>\n\t\t\t\t<div class=\"elementor-element elementor-element-ad25b58 elementor-widget-divider--view-line elementor-widget elementor-widget-divider\" data-id=\"ad25b58\" data-element_type=\"widget\" data-e-type=\"widget\" data-widget_type=\"divider.default\">\n\t\t\t\t<div class=\"elementor-widget-container\">\n\t\t\t\t\t\t\t<div class=\"elementor-divider\">\n\t\t\t<span class=\"elementor-divider-separator\">\n\t\t\t\t\t\t<\/span>\n\t\t<\/div>\n\t\t\t\t\t\t<\/div>\n\t\t\t\t<\/div>\n\t\t\t\t<div class=\"elementor-element elementor-element-c2a295b elementor-widget elementor-widget-text-editor\" data-id=\"c2a295b\" data-element_type=\"widget\" data-e-type=\"widget\" data-widget_type=\"text-editor.default\">\n\t\t\t\t<div class=\"elementor-widget-container\">\n\t\t\t\t\t\t\t\t\t<p>El pintoresco pub y restaurante &#8222;Sophien&#8217;Eck&#8220; se encuentra en medio del barrio mejor conservado del casco antiguo de Berl\u00edn, el Spandauer Vorstadt, que se extiende entre Hackescher Markt, Rosenthaler Platz y Oranienburger Stra\u00dfe.<\/p><p>Descubra los patios \u00fanicos y bellamente renovados en una visita guiada por el barrio, la milla de la tolerancia, donde protestantes, cat\u00f3licos y jud\u00edos viv\u00edan y vuelven a vivir pac\u00edficamente uno al lado del otro, la iglesia m\u00e1s antigua que se conserva en el centro de Berl\u00edn, la animada escena art\u00edstica con galer\u00edas, colecciones y estudios innovadores, tiendas originales y bares de moda.<\/p><p>En un r\u00e1pido paseo, le presentaremos a personalidades que han trabajado y vivido aqu\u00ed: el Teniente General Hans-Christoph von Hacke, la Reina Sophie Luise, la Safo Prusiana Anna Luisa Karschin, el Jefe del Distrito Wilhelm Kr\u00fctzfeld y muchos m\u00e1s.<\/p><p>Paseen por las calles de este barrio y experimenten la historia y las historias de tres siglos.<\/p><p>Organizamos este tour por encargo, dura entre una y dos horas, dependiendo de sus deseos.<\/p><p>El punto de partida ideal para las excursiones es el &#8222;Sophieneck&#8220; o el 1er Hackesche Hof, Rosenthaler Stra\u00dfe 40\/41.<\/p><p>Despu\u00e9s de la visita, la cerveza y una abundante cena en el &#8222;Sophieneck&#8220; saben especialmente bien &#8230;<\/p>\t\t\t\t\t\t\t\t<\/div>\n\t\t\t\t<\/div>\n\t\t\t\t<div class=\"elementor-element elementor-element-abbefb5 elementor-widget elementor-widget-text-editor\" data-id=\"abbefb5\" data-element_type=\"widget\" data-e-type=\"widget\" data-widget_type=\"text-editor.default\">\n\t\t\t\t<div class=\"elementor-widget-container\">\n\t\t\t\t\t\t\t\t\t<h5><strong>Precios (incluyendo 19% IVA)<\/strong><\/h5>\n<table border=\"0\" width=\"100%\">\n<tbody>\n<tr>\n<td><\/td>\n<td><b>Tarifa de grupo<\/b>\n(hasta 20 personas)<\/td>\n<td><b>Arancel para grupos peque\u00f1os<\/b>\n(hasta 6 personas)<\/td>\n<\/tr>\n<tr>\n<td>Una hora.<\/td>\n<td>100,00 Euros<\/td>\n<td>75,00 Euros<\/td>\n<\/tr>\n<tr>\n<td>2 horas<\/td>\n<td>150,00 Euros<\/td>\n<td>100,00 Euros<\/td>\n<\/tr>\n<\/tbody>\n<\/table>\t\t\t\t\t\t\t\t<\/div>\n\t\t\t\t<\/div>\n\t\t\t\t<div class=\"elementor-element elementor-element-bc187e5 elementor-widget elementor-widget-text-editor\" data-id=\"bc187e5\" data-element_type=\"widget\" data-e-type=\"widget\" data-widget_type=\"text-editor.default\">\n\t\t\t\t<div class=\"elementor-widget-container\">\n\t\t\t\t\t\t\t\t\t<p>M\u00e1s informaci\u00f3n y reserva:<br \/>Tob\u00edas contra Schoenebeck<br \/>Arreglos culturales de Schoenebeck<\/p><p>Tel\u00e9fono: +49 30 &#8211; 691 55 08<br \/>Fax: +49 30 &#8211; 691 55 07<\/p><p>Correo electr\u00f3nico: <a href=\"mailto:schoenebeck@web.de?subject=www.sophieneck-berlin.de&amp;body=Stadtfuehrung\">schoenebeck@web.de<\/a><\/p>\t\t\t\t\t\t\t\t<\/div>\n\t\t\t\t<\/div>\n\t\t\t\t\t<\/div>\n\t\t<\/div>\n\t\t\t\t<div class=\"elementor-column elementor-col-50 elementor-top-column elementor-element elementor-element-bdbd7cc animated-fast elementor-invisible\" data-id=\"bdbd7cc\" data-element_type=\"column\" data-e-type=\"column\" data-settings=\"{&quot;background_background&quot;:&quot;classic&quot;,&quot;animation&quot;:&quot;fadeInRight&quot;}\">\n\t\t\t<div class=\"elementor-widget-wrap elementor-element-populated\">\n\t\t\t\t\t\t<div class=\"elementor-element elementor-element-32b253b elementor-widget elementor-widget-text-editor\" data-id=\"32b253b\" data-element_type=\"widget\" data-e-type=\"widget\" data-settings=\"{&quot;_animation&quot;:&quot;none&quot;}\" data-widget_type=\"text-editor.default\">\n\t\t\t\t<div class=\"elementor-widget-container\">\n\t\t\t\t\t\t\t\t\t<p style=\"text-align: center;\"><a href=\"https:\/\/sophieneck-berlin.de\/es\/kiezrundgang\/\"><span style=\"color: #ffffff;\">Kiez Spandauer Vorstadt<br \/><\/span><\/a><\/p>\t\t\t\t\t\t\t\t<\/div>\n\t\t\t\t<\/div>\n\t\t\t\t<div class=\"elementor-element elementor-element-17ec159 elementor-widget elementor-widget-text-editor\" data-id=\"17ec159\" data-element_type=\"widget\" data-e-type=\"widget\" data-settings=\"{&quot;_animation&quot;:&quot;none&quot;}\" data-widget_type=\"text-editor.default\">\n\t\t\t\t<div class=\"elementor-widget-container\">\n\t\t\t\t\t\t\t\t\t<p style=\"text-align: center;\"><span style=\"color: #ffffff;\"><a style=\"color: #ffffff;\" href=\"https:\/\/sophieneck-berlin.de\/es\/zur-geschichte-einer-ecke\/\">La historia de una esquina<\/a><br \/><\/span><\/p>\t\t\t\t\t\t\t\t<\/div>\n\t\t\t\t<\/div>\n\t\t\t\t<div class=\"elementor-element elementor-element-05f2898 elementor-widget elementor-widget-text-editor\" data-id=\"05f2898\" data-element_type=\"widget\" data-e-type=\"widget\" data-settings=\"{&quot;_animation&quot;:&quot;none&quot;}\" data-widget_type=\"text-editor.default\">\n\t\t\t\t<div class=\"elementor-widget-container\">\n\t\t\t\t\t\t\t\t\t<p style=\"text-align: center;\"><span style=\"color: #ffffff;\"><a style=\"color: #ffffff;\" href=\"https:\/\/sophieneck-berlin.de\/es\/stadtfuehrungen\/\">Recorrido por el barrio<\/a><br \/><\/span><\/p>\t\t\t\t\t\t\t\t<\/div>\n\t\t\t\t<\/div>\n\t\t\t\t<div class=\"elementor-element elementor-element-21d455d elementor-widget elementor-widget-text-editor\" data-id=\"21d455d\" data-element_type=\"widget\" data-e-type=\"widget\" data-settings=\"{&quot;_animation&quot;:&quot;none&quot;}\" data-widget_type=\"text-editor.default\">\n\t\t\t\t<div class=\"elementor-widget-container\">\n\t\t\t\t\t\t\t\t\t<p style=\"text-align: center;\"><span style=\"color: #ffffff;\"><a style=\"color: #ffffff;\" href=\"https:\/\/sophieneck-berlin.de\/es\/tipps-und-links\/\">Consejos de cultura del vecindario<\/a><br \/><\/span><\/p>\t\t\t\t\t\t\t\t<\/div>\n\t\t\t\t<\/div>\n\t\t\t\t\t<\/div>\n\t\t<\/div>\n\t\t\t\t\t<\/div>\n\t\t<\/section>\n\t\t\t\t<\/div>","protected":false},"excerpt":{"rendered":"<p>La experiencia - una visita a la ciudad con Tobias v. Schoenebeck El pintoresco pub y restaurante &#8222;Sophien&#8217;Eck&#8220; est\u00e1 situado en el centro del barrio mejor conservado del casco antiguo de Berl\u00edn, el Spandauer Vorstadt, que se extiende entre Hackescher Markt, Rosenthaler Platz y Oranienburger Stra\u00dfe. Descubra una oferta \u00fanica y hermosa &hellip;<\/p>","protected":false},"author":1,"featured_media":0,"parent":0,"menu_order":0,"comment_status":"closed","ping_status":"closed","template":"elementor_header_footer","meta":{"footnotes":""},"folder":[],"class_list":["post-393","page","type-page","status-publish","hentry"],"_links":{"self":[{"href":"https:\/\/sophieneck-berlin.de\/es\/wp-json\/wp\/v2\/pages\/393","targetHints":{"allow":["GET"]}}],"collection":[{"href":"https:\/\/sophieneck-berlin.de\/es\/wp-json\/wp\/v2\/pages"}],"about":[{"href":"https:\/\/sophieneck-berlin.de\/es\/wp-json\/wp\/v2\/types\/page"}],"author":[{"embeddable":true,"href":"https:\/\/sophieneck-berlin.de\/es\/wp-json\/wp\/v2\/users\/1"}],"replies":[{"embeddable":true,"href":"https:\/\/sophieneck-berlin.de\/es\/wp-json\/wp\/v2\/comments?post=393"}],"version-history":[{"count":20,"href":"https:\/\/sophieneck-berlin.de\/es\/wp-json\/wp\/v2\/pages\/393\/revisions"}],"predecessor-version":[{"id":1034,"href":"https:\/\/sophieneck-berlin.de\/es\/wp-json\/wp\/v2\/pages\/393\/revisions\/1034"}],"wp:attachment":[{"href":"https:\/\/sophieneck-berlin.de\/es\/wp-json\/wp\/v2\/media?parent=393"}],"wp:term":[{"taxonomy":"folder","embeddable":true,"href":"https:\/\/sophieneck-berlin.de\/es\/wp-json\/wp\/v2\/folder?post=393"}],"curies":[{"name":"wp","href":"https:\/\/api.w.org\/{rel}","templated":true}]}}