{"id":422,"date":"2020-05-21T10:17:01","date_gmt":"2020-05-21T08:17:01","guid":{"rendered":"https:\/\/sophieneck.de\/?page_id=422"},"modified":"2024-02-23T17:41:17","modified_gmt":"2024-02-23T16:41:17","slug":"reisegruppen","status":"publish","type":"page","link":"https:\/\/sophieneck-berlin.de\/es\/grupos-de-viaje\/","title":{"rendered":"Grupos de viaje"},"content":{"rendered":"<div data-elementor-type=\"wp-page\" data-elementor-id=\"422\" class=\"elementor elementor-422\">\n\t\t\t\t\t\t<section class=\"elementor-section elementor-top-section elementor-element elementor-element-25e8d354 elementor-section-boxed elementor-section-height-default elementor-section-height-default\" data-id=\"25e8d354\" data-element_type=\"section\" data-e-type=\"section\">\n\t\t\t\t\t\t<div class=\"elementor-container elementor-column-gap-default\">\n\t\t\t\t\t<div class=\"elementor-column elementor-col-100 elementor-top-column elementor-element elementor-element-31c783f9\" data-id=\"31c783f9\" data-element_type=\"column\" data-e-type=\"column\">\n\t\t\t<div class=\"elementor-widget-wrap elementor-element-populated\">\n\t\t\t\t\t\t<div class=\"elementor-element elementor-element-47e6acae elementor-widget elementor-widget-image\" data-id=\"47e6acae\" data-element_type=\"widget\" data-e-type=\"widget\" data-widget_type=\"image.default\">\n\t\t\t\t<div class=\"elementor-widget-container\">\n\t\t\t\t\t\t\t\t\t\t\t\t\t\t\t<img decoding=\"async\" src=\"https:\/\/sophieneck-berlin.de\/wp-content\/uploads\/elementor\/thumbs\/Berlin_Mitte_Sophieneck_01-original-opy5cbr4xc11hgwn38dlfg2zlgzouh05y0up91c5h4.jpg\" title=\"Berlin_Mitte_Sophieneck_01 (original)\" alt=\"Berlin_Mitte_Sophieneck_01 (original)\" loading=\"lazy\" \/>\t\t\t\t\t\t\t\t\t\t\t\t\t\t\t<\/div>\n\t\t\t\t<\/div>\n\t\t\t\t\t<\/div>\n\t\t<\/div>\n\t\t\t\t\t<\/div>\n\t\t<\/section>\n\t\t\t\t<section class=\"elementor-section elementor-top-section elementor-element elementor-element-5fdf13e6 elementor-section-boxed elementor-section-height-default elementor-section-height-default\" data-id=\"5fdf13e6\" data-element_type=\"section\" data-e-type=\"section\">\n\t\t\t\t\t\t<div class=\"elementor-container elementor-column-gap-no\">\n\t\t\t\t\t<div class=\"elementor-column elementor-col-50 elementor-top-column elementor-element elementor-element-6273cabd\" data-id=\"6273cabd\" data-element_type=\"column\" data-e-type=\"column\">\n\t\t\t<div class=\"elementor-widget-wrap elementor-element-populated\">\n\t\t\t\t\t\t<div class=\"elementor-element elementor-element-31f1daf0 elementor-invisible elementor-widget elementor-widget-heading\" data-id=\"31f1daf0\" data-element_type=\"widget\" data-e-type=\"widget\" data-settings=\"{&quot;_animation&quot;:&quot;fadeInLeft&quot;}\" data-widget_type=\"heading.default\">\n\t\t\t\t<div class=\"elementor-widget-container\">\n\t\t\t\t\t<h2 class=\"elementor-heading-title elementor-size-default\">Informaci\u00f3n para grupos de viaje<\/h2>\t\t\t\t<\/div>\n\t\t\t\t<\/div>\n\t\t\t\t<div class=\"elementor-element elementor-element-e6be58f elementor-widget-divider--view-line elementor-widget elementor-widget-divider\" data-id=\"e6be58f\" data-element_type=\"widget\" data-e-type=\"widget\" data-widget_type=\"divider.default\">\n\t\t\t\t<div class=\"elementor-widget-container\">\n\t\t\t\t\t\t\t<div class=\"elementor-divider\">\n\t\t\t<span class=\"elementor-divider-separator\">\n\t\t\t\t\t\t<\/span>\n\t\t<\/div>\n\t\t\t\t\t\t<\/div>\n\t\t\t\t<\/div>\n\t\t\t\t<div class=\"elementor-element elementor-element-5f0bf9 elementor-widget elementor-widget-text-editor\" data-id=\"5f0bf9\" data-element_type=\"widget\" data-e-type=\"widget\" data-widget_type=\"text-editor.default\">\n\t\t\t\t<div class=\"elementor-widget-container\">\n\t\t\t\t\t\t\t\t\t<p>Estaremos encantados de aceptar su solicitud de reserva y elaborar ofertas de buffet o de men\u00fa apropiadas para su visita a nosotros.<\/p>\n<p>Previo acuerdo, organizaremos un servicio de regreso para el equipo de escolta al aparcamiento de autobuses m\u00e1s cercano. Hasta 24 horas antes de la llegada, puede informarnos sobre el n\u00famero exacto de participantes y su selecci\u00f3n.<\/p>\n<p>Organizamos visitas guiadas para usted bajo la experta gu\u00eda de un experto de la ciudad en el hist\u00f3rico Scheunenviertel y el Spandauer Vorstadt, seguidas de una acogedora comida en nuestro restaurante.<\/p>\n<p>Estaremos encantados de enviarle ofertas de buffet y men\u00fa por fax, e-mail o correo.<\/p>\t\t\t\t\t\t\t\t<\/div>\n\t\t\t\t<\/div>\n\t\t\t\t\t<\/div>\n\t\t<\/div>\n\t\t\t\t<div class=\"elementor-column elementor-col-50 elementor-top-column elementor-element elementor-element-f44fa2e animated-fast elementor-invisible\" data-id=\"f44fa2e\" data-element_type=\"column\" data-e-type=\"column\" data-settings=\"{&quot;background_background&quot;:&quot;classic&quot;,&quot;animation&quot;:&quot;fadeInRight&quot;}\">\n\t\t\t<div class=\"elementor-widget-wrap elementor-element-populated\">\n\t\t\t\t\t\t<div class=\"elementor-element elementor-element-0d4c7e0 elementor-widget elementor-widget-text-editor\" data-id=\"0d4c7e0\" data-element_type=\"widget\" data-e-type=\"widget\" data-settings=\"{&quot;_animation&quot;:&quot;none&quot;}\" data-widget_type=\"text-editor.default\">\n\t\t\t\t<div class=\"elementor-widget-container\">\n\t\t\t\t\t\t\t\t\t<p style=\"text-align: center;\"><span style=\"color: #ffffff;\"><a style=\"color: #ffffff;\" href=\"https:\/\/sophieneck-berlin.de\/es\/kultur\/\">Consejos culturales | Enlaces<\/a><\/span><\/p>\t\t\t\t\t\t\t\t<\/div>\n\t\t\t\t<\/div>\n\t\t\t\t<div class=\"elementor-element elementor-element-26a294e elementor-widget elementor-widget-text-editor\" data-id=\"26a294e\" data-element_type=\"widget\" data-e-type=\"widget\" data-settings=\"{&quot;_animation&quot;:&quot;none&quot;}\" data-widget_type=\"text-editor.default\">\n\t\t\t\t<div class=\"elementor-widget-container\">\n\t\t\t\t\t\t\t\t\t<p style=\"text-align: center;\"><span style=\"color: #ffffff;\"><a style=\"color: #ffffff;\" href=\"https:\/\/sophieneck-berlin.de\/es\/reisegruppen\/\">Informaci\u00f3n para grupos de viaje<\/a><\/span><\/p>\t\t\t\t\t\t\t\t<\/div>\n\t\t\t\t<\/div>\n\t\t\t\t<div class=\"elementor-element elementor-element-d151697 elementor-widget elementor-widget-text-editor\" data-id=\"d151697\" data-element_type=\"widget\" data-e-type=\"widget\" data-settings=\"{&quot;_animation&quot;:&quot;none&quot;}\" data-widget_type=\"text-editor.default\">\n\t\t\t\t<div class=\"elementor-widget-container\">\n\t\t\t\t\t\t\t\t\t<p style=\"text-align: center;\"><a href=\"https:\/\/sophieneck-berlin.de\/es\/hotels\/\"><span style=\"color: #ffffff;\">Hoteles en la vecindad - recomendaciones<\/span><\/a><\/p>\t\t\t\t\t\t\t\t<\/div>\n\t\t\t\t<\/div>\n\t\t\t\t\t<\/div>\n\t\t<\/div>\n\t\t\t\t\t<\/div>\n\t\t<\/section>\n\t\t\t\t<\/div>","protected":false},"excerpt":{"rendered":"<p>Informaci\u00f3n para grupos de viaje Estaremos encantados de recibir su solicitud de reserva y de elaborar ofertas de buffet o de men\u00fa adecuadas para su visita a nosotros. Previo acuerdo, organizaremos un servicio de retorno para el equipo de escolta al aparcamiento de autobuses m\u00e1s cercano. Hasta 24 horas antes de la llegada, puede informarnos del n\u00famero exacto de &hellip;<\/p>","protected":false},"author":1,"featured_media":0,"parent":0,"menu_order":0,"comment_status":"closed","ping_status":"closed","template":"elementor_header_footer","meta":{"footnotes":""},"folder":[],"class_list":["post-422","page","type-page","status-publish","hentry"],"_links":{"self":[{"href":"https:\/\/sophieneck-berlin.de\/es\/wp-json\/wp\/v2\/pages\/422","targetHints":{"allow":["GET"]}}],"collection":[{"href":"https:\/\/sophieneck-berlin.de\/es\/wp-json\/wp\/v2\/pages"}],"about":[{"href":"https:\/\/sophieneck-berlin.de\/es\/wp-json\/wp\/v2\/types\/page"}],"author":[{"embeddable":true,"href":"https:\/\/sophieneck-berlin.de\/es\/wp-json\/wp\/v2\/users\/1"}],"replies":[{"embeddable":true,"href":"https:\/\/sophieneck-berlin.de\/es\/wp-json\/wp\/v2\/comments?post=422"}],"version-history":[{"count":16,"href":"https:\/\/sophieneck-berlin.de\/es\/wp-json\/wp\/v2\/pages\/422\/revisions"}],"predecessor-version":[{"id":4118,"href":"https:\/\/sophieneck-berlin.de\/es\/wp-json\/wp\/v2\/pages\/422\/revisions\/4118"}],"wp:attachment":[{"href":"https:\/\/sophieneck-berlin.de\/es\/wp-json\/wp\/v2\/media?parent=422"}],"wp:term":[{"taxonomy":"folder","embeddable":true,"href":"https:\/\/sophieneck-berlin.de\/es\/wp-json\/wp\/v2\/folder?post=422"}],"curies":[{"name":"wp","href":"https:\/\/api.w.org\/{rel}","templated":true}]}}