{"id":306,"date":"2020-05-18T22:33:52","date_gmt":"2020-05-18T20:33:52","guid":{"rendered":"https:\/\/sophieneck.de\/?page_id=306"},"modified":"2024-02-23T11:02:12","modified_gmt":"2024-02-23T10:02:12","slug":"reservierung","status":"publish","type":"page","link":"https:\/\/sophieneck-berlin.de\/fr\/reservation\/","title":{"rendered":"R\u00e9servation"},"content":{"rendered":"<div data-elementor-type=\"wp-page\" data-elementor-id=\"306\" class=\"elementor elementor-306\">\n\t\t\t\t\t\t<section class=\"elementor-section elementor-top-section elementor-element elementor-element-2af6cf17 elementor-section-boxed elementor-section-height-default elementor-section-height-default\" data-id=\"2af6cf17\" data-element_type=\"section\" data-e-type=\"section\">\n\t\t\t\t\t\t<div class=\"elementor-container elementor-column-gap-default\">\n\t\t\t\t\t<div class=\"elementor-column elementor-col-100 elementor-top-column elementor-element elementor-element-6bd20f5b\" data-id=\"6bd20f5b\" data-element_type=\"column\" data-e-type=\"column\">\n\t\t\t<div class=\"elementor-widget-wrap elementor-element-populated\">\n\t\t\t\t\t\t<div class=\"elementor-element elementor-element-302ce656 elementor-widget elementor-widget-image\" data-id=\"302ce656\" data-element_type=\"widget\" data-e-type=\"widget\" data-widget_type=\"image.default\">\n\t\t\t\t<div class=\"elementor-widget-container\">\n\t\t\t\t\t\t\t\t\t\t\t\t\t\t\t<img fetchpriority=\"high\" decoding=\"async\" width=\"1600\" height=\"300\" src=\"https:\/\/sophieneck-berlin.de\/wp-content\/uploads\/2020\/05\/SophieneckBerlin_1600x300.jpg\" class=\"attachment-full size-full wp-image-216\" alt=\"\" srcset=\"https:\/\/sophieneck-berlin.de\/wp-content\/uploads\/2020\/05\/SophieneckBerlin_1600x300.jpg 1600w, https:\/\/sophieneck-berlin.de\/wp-content\/uploads\/2020\/05\/SophieneckBerlin_1600x300-600x113.jpg 600w, https:\/\/sophieneck-berlin.de\/wp-content\/uploads\/2020\/05\/SophieneckBerlin_1600x300-300x56.jpg 300w, https:\/\/sophieneck-berlin.de\/wp-content\/uploads\/2020\/05\/SophieneckBerlin_1600x300-1024x192.jpg 1024w, https:\/\/sophieneck-berlin.de\/wp-content\/uploads\/2020\/05\/SophieneckBerlin_1600x300-768x144.jpg 768w, https:\/\/sophieneck-berlin.de\/wp-content\/uploads\/2020\/05\/SophieneckBerlin_1600x300-1536x288.jpg 1536w, https:\/\/sophieneck-berlin.de\/wp-content\/uploads\/2020\/05\/SophieneckBerlin_1600x300-18x3.jpg 18w, https:\/\/sophieneck-berlin.de\/wp-content\/uploads\/2020\/05\/SophieneckBerlin_1600x300-1067x200.jpg 1067w\" sizes=\"(max-width: 1600px) 100vw, 1600px\" \/>\t\t\t\t\t\t\t\t\t\t\t\t\t\t\t<\/div>\n\t\t\t\t<\/div>\n\t\t\t\t\t<\/div>\n\t\t<\/div>\n\t\t\t\t\t<\/div>\n\t\t<\/section>\n\t\t\t\t<section class=\"elementor-section elementor-top-section elementor-element elementor-element-acb5a16 elementor-section-content-middle elementor-section-boxed elementor-section-height-default elementor-section-height-default\" data-id=\"acb5a16\" data-element_type=\"section\" data-e-type=\"section\">\n\t\t\t\t\t\t<div class=\"elementor-container elementor-column-gap-default\">\n\t\t\t\t\t<div class=\"elementor-column elementor-col-100 elementor-top-column elementor-element elementor-element-ae7b7a6\" data-id=\"ae7b7a6\" data-element_type=\"column\" data-e-type=\"column\">\n\t\t\t<div class=\"elementor-widget-wrap elementor-element-populated\">\n\t\t\t\t\t\t<div class=\"elementor-element elementor-element-f4c1ff1 elementor-widget elementor-widget-text-editor\" data-id=\"f4c1ff1\" data-element_type=\"widget\" data-e-type=\"widget\" data-widget_type=\"text-editor.default\">\n\t\t\t\t<div class=\"elementor-widget-container\">\n\t\t\t\t\t\t\t\t\t<p style=\"text-align: center;\"><span style=\"color: #ff0000;\"><strong>Nous nous r\u00e9jouissons de votre visite !<\/strong><strong><br \/><\/strong><\/span><\/p>\t\t\t\t\t\t\t\t<\/div>\n\t\t\t\t<\/div>\n\t\t\t\t\t<\/div>\n\t\t<\/div>\n\t\t\t\t\t<\/div>\n\t\t<\/section>\n\t\t\t\t<section class=\"elementor-section elementor-top-section elementor-element elementor-element-6a0f7142 elementor-section-boxed elementor-section-height-default elementor-section-height-default\" data-id=\"6a0f7142\" data-element_type=\"section\" data-e-type=\"section\">\n\t\t\t\t\t\t<div class=\"elementor-container elementor-column-gap-no\">\n\t\t\t\t\t<div class=\"elementor-column elementor-col-50 elementor-top-column elementor-element elementor-element-4936847\" data-id=\"4936847\" data-element_type=\"column\" data-e-type=\"column\">\n\t\t\t<div class=\"elementor-widget-wrap elementor-element-populated\">\n\t\t\t\t\t\t<div class=\"elementor-element elementor-element-372f4deb elementor-widget elementor-widget-heading\" data-id=\"372f4deb\" data-element_type=\"widget\" data-e-type=\"widget\" data-settings=\"{&quot;_animation&quot;:&quot;none&quot;}\" data-widget_type=\"heading.default\">\n\t\t\t\t<div class=\"elementor-widget-container\">\n\t\t\t\t\t<h2 class=\"elementor-heading-title elementor-size-default\">Demande de r\u00e9servation <\/h2>\t\t\t\t<\/div>\n\t\t\t\t<\/div>\n\t\t\t\t<div class=\"elementor-element elementor-element-0f72c8c elementor-widget-divider--view-line elementor-widget elementor-widget-divider\" data-id=\"0f72c8c\" data-element_type=\"widget\" data-e-type=\"widget\" data-widget_type=\"divider.default\">\n\t\t\t\t<div class=\"elementor-widget-container\">\n\t\t\t\t\t\t\t<div class=\"elementor-divider\">\n\t\t\t<span class=\"elementor-divider-separator\">\n\t\t\t\t\t\t<\/span>\n\t\t<\/div>\n\t\t\t\t\t\t<\/div>\n\t\t\t\t<\/div>\n\t\t\t\t<div class=\"elementor-element elementor-element-e3bd999 elementor-widget elementor-widget-text-editor\" data-id=\"e3bd999\" data-element_type=\"widget\" data-e-type=\"widget\" data-widget_type=\"text-editor.default\">\n\t\t\t\t<div class=\"elementor-widget-container\">\n\t\t\t\t\t\t\t\t\t<p><span style=\"color: #ff0000;\">Nous vous recommandons de faire des r\u00e9servations pour le <strong>le m\u00eame jour <\/strong>par t\u00e9l\u00e9phone.<\/span><\/p>\t\t\t\t\t\t\t\t<\/div>\n\t\t\t\t<\/div>\n\t\t\t\t\t<\/div>\n\t\t<\/div>\n\t\t\t\t<div class=\"elementor-column elementor-col-50 elementor-top-column elementor-element elementor-element-423211b\" data-id=\"423211b\" data-element_type=\"column\" data-e-type=\"column\">\n\t\t\t<div class=\"elementor-widget-wrap elementor-element-populated\">\n\t\t\t\t\t\t<div class=\"elementor-element elementor-element-04a5f4c elementor-invisible elementor-widget elementor-widget-shortcode\" data-id=\"04a5f4c\" data-element_type=\"widget\" data-e-type=\"widget\" data-settings=\"{&quot;_animation&quot;:&quot;fadeInRight&quot;}\" data-widget_type=\"shortcode.default\">\n\t\t\t\t<div class=\"elementor-widget-container\">\n\t\t\t\t\t\t\t<div class=\"elementor-shortcode\"><div class=\"forminator-ui forminator-custom-form forminator-custom-form-4084 forminator-design--default  forminator_ajax\" data-forminator-render=\"0\" data-form=\"forminator-module-4084\" data-uid=\"69d12a8662415\"><br\/><\/div><form\n\t\t\t\tid=\"forminator-module-4084\"\n\t\t\t\tclass=\"forminator-ui forminator-custom-form forminator-custom-form-4084 forminator-design--default  forminator_ajax\"\n\t\t\t\tmethod=\"post\"\n\t\t\t\tdata-forminator-render=\"0\"\n\t\t\t\tdata-form-id=\"4084\"\n\t\t\t\t data-color-option=\"default\" data-design=\"default\" data-grid=\"open\" style=\"display: none;\"\n\t\t\t\tdata-uid=\"69d12a8662415\" action=\"\"\n\t\t\t><div role=\"alert\" aria-live=\"polite\" class=\"forminator-response-message forminator-error\" aria-hidden=\"true\"><\/div><div class=\"forminator-row\"><div id=\"date-1\" class=\"forminator-field-date forminator-col forminator-col-12\"><div class=\"forminator-field\"><label for=\"forminator-field-date-1-picker_69d12a8662415\" id=\"forminator-field-date-1-picker_69d12a8662415-label\" class=\"forminator-label\">Date <span class=\"forminator-required\">*<\/span><\/label><div class=\"forminator-input-with-icon\"><span class=\"forminator-icon-calendar\" aria-hidden=\"true\"><\/span><input autocomplete=\"off\" type=\"text\" size=\"1\" name=\"date-1\" value=\"\" placeholder=\"Choisir la date\" id=\"forminator-field-date-1-picker_69d12a8662415\" class=\"forminator-input forminator-datepicker\" data-required=\"1\" data-format=\"dd-mm-yy\" data-restrict-type=\"\" data-restrict=\"\" data-start-year=\"1926\" data-end-year=\"2126\" data-past-dates=\"enable\" data-start-of-week=\"1\" data-start-date=\"\" data-end-date=\"\" data-start-field=\"\" data-end-field=\"\" data-start-offset=\"\" data-end-offset=\"\" data-disable-date=\"\" data-disable-range=\"\" \/><\/div><\/div><\/div><\/div><div class=\"forminator-row\"><div id=\"time-1\" class=\"forminator-field-time forminator-col forminator-col-12\"><label for=\"forminator-field-time-1\" id=\"forminator-field-time-1-label\" class=\"forminator-label\">\u00c0 partir de (heure) <span class=\"forminator-required\">*<\/span><\/label><div class=\"forminator-timepicker\" ><div class=\"forminator-row\" data-multiple=\"true\"><div id=\"time-1-hours\" class=\"forminator-col forminator-col-6\"><div class=\"forminator-field\"><label for=\"forminator-field-4084__field--time-1-hours_69d12a8662415\" id=\"forminator-field-4084__field--time-1-hours_69d12a8662415-label\" class=\"forminator-label\">h<\/label><select name=\"time-1-hours\" id=\"forminator-field-4084__field--time-1-hours_69d12a8662415\" class=\"forminator-select2 time-hours has-time-limiter\" data-field=\"hours\" data-placeholder=\"S\u00e9lectionner\" aria-labelledby=\"forminator-field-4084__field--time-1-hours_69d12a8662415-label\" data-default-value=\"\"><option value=\"\" selected=\"selected\">-<\/option><option value=\"12\" >12<\/option><option value=\"13\" >13<\/option><option value=\"14\" >14<\/option><option value=\"15\" >15<\/option><option value=\"16\" >16<\/option><option value=\"17\" >17<\/option><option value=\"18\" >18<\/option><option value=\"19\" >19<\/option><option value=\"20\" >20<\/option><option value=\"21\" >21<\/option><\/select><\/div><\/div><div id=\"time-1-minutes\" class=\"forminator-col forminator-col-6\"><div class=\"forminator-field\"><label for=\"forminator-field-4084__field--time-1-minutes_69d12a8662415\" id=\"forminator-field-4084__field--time-1-minutes_69d12a8662415-label\" class=\"forminator-label\">min<\/label><select name=\"time-1-minutes\" id=\"forminator-field-4084__field--time-1-minutes_69d12a8662415\" class=\"forminator-select2 time-minutes has-time-limiter\" data-field=\"minutes\" data-placeholder=\"S\u00e9lectionner\" aria-labelledby=\"forminator-field-4084__field--time-1-minutes_69d12a8662415-label\" data-default-value=\"\"><option value=\"\" selected=\"selected\">-<\/option><option value=\"0\" >00<\/option><option value=\"15\" >15<\/option><option value=\"30\" >30<\/option><option value=\"45\" >45<\/option><\/select><\/div><\/div><\/div><\/div><\/div><\/div><div class=\"forminator-row\"><div id=\"number-1\" class=\"forminator-field-number forminator-col forminator-col-12\"><div class=\"forminator-field\"><label for=\"forminator-field-number-1_69d12a8662415\" id=\"forminator-field-number-1_69d12a8662415-label\" class=\"forminator-label\">Combien de personnes <span class=\"forminator-required\">*<\/span><\/label><input name=\"number-1\" value=\"\" placeholder=\"z. B. 10\" id=\"forminator-field-number-1_69d12a8662415\" class=\"forminator-input forminator-number--field\" inputmode=\"decimal\" data-required=\"1\" data-decimals=\"0\" aria-required=\"true\" data-inputmask=\"&#039;groupSeparator&#039;: &#039;&#039;, &#039;radixPoint&#039;: &#039;&#039;, &#039;digits&#039;: &#039;0&#039;\" data-hidden-behavior=\"zero\" type=\"number\" step=\"any\" min=\"1\" max=\"50\" \/><\/div><\/div><\/div><div class=\"forminator-row\"><div id=\"radio-1\" class=\"forminator-field-radio forminator-col forminator-col-6\"><div role=\"radiogroup\" class=\"forminator-field\" aria-labelledby=\"forminator-radiogroup-radio-1-69d12a8662415-label\"><span id=\"forminator-radiogroup-radio-1-69d12a8662415-label\" class=\"forminator-label\">Titre de civilit\u00e9<\/span><label id=\"forminator-field-radio-1-label-1\" for=\"forminator-field-radio-1-1-69d12a8662415\" class=\"forminator-radio forminator-radio-inline\" title=\"Monsieur\"><input type=\"radio\" name=\"radio-1\" value=\"one\" id=\"forminator-field-radio-1-1-69d12a8662415\" aria-labelledby=\"forminator-field-radio-1-label-1\" data-calculation=\"0\"   data-hidden-behavior=\"zero\"\/><span class=\"forminator-radio-bullet\" aria-hidden=\"true\"><\/span><span class=\"forminator-radio-label\">Monsieur<\/span><\/label><label id=\"forminator-field-radio-1-label-2\" for=\"forminator-field-radio-1-2-69d12a8662415\" class=\"forminator-radio forminator-radio-inline\" title=\"Mme\"><input type=\"radio\" name=\"radio-1\" value=\"two\" id=\"forminator-field-radio-1-2-69d12a8662415\" aria-labelledby=\"forminator-field-radio-1-label-2\" data-calculation=\"0\"   data-hidden-behavior=\"zero\"\/><span class=\"forminator-radio-bullet\" aria-hidden=\"true\"><\/span><span class=\"forminator-radio-label\">Mme<\/span><\/label><label id=\"forminator-field-radio-1-label-3\" for=\"forminator-field-radio-1-3-69d12a8662415\" class=\"forminator-radio forminator-radio-inline\" title=\"Div.\"><input type=\"radio\" name=\"radio-1\" value=\"Div.\" id=\"forminator-field-radio-1-3-69d12a8662415\" aria-labelledby=\"forminator-field-radio-1-label-3\" data-calculation=\"0\"   data-hidden-behavior=\"zero\"\/><span class=\"forminator-radio-bullet\" aria-hidden=\"true\"><\/span><span class=\"forminator-radio-label\">Div.<\/span><\/label><\/div><\/div><div id=\"name-1\" class=\"forminator-field-name forminator-col forminator-col-6\"><div class=\"forminator-field\"><label for=\"forminator-field-name-1_69d12a8662415\" id=\"forminator-field-name-1_69d12a8662415-label\" class=\"forminator-label\">Nom<\/label><input type=\"text\" name=\"name-1\" value=\"\" placeholder=\"z. Par exemple, Max Mustermann\" id=\"forminator-field-name-1_69d12a8662415\" class=\"forminator-input forminator-name--field\" aria-required=\"false\" autocomplete=\"name\" \/><\/div><\/div><\/div><div class=\"forminator-row\"><div id=\"email-1\" class=\"forminator-field-email forminator-col forminator-col-12\"><div class=\"forminator-field\"><label for=\"forminator-field-email-1_69d12a8662415\" id=\"forminator-field-email-1_69d12a8662415-label\" class=\"forminator-label\">Adresse \u00e9lectronique <span class=\"forminator-required\">*<\/span><\/label><input type=\"email\" name=\"email-1\" value=\"\" placeholder=\"z. PAR EXEMPLE, max@mustermann.de\" id=\"forminator-field-email-1_69d12a8662415\" class=\"forminator-input forminator-email--field\" data-required=\"1\" aria-required=\"true\" autocomplete=\"email\" \/><\/div><\/div><\/div><div class=\"forminator-row\"><div id=\"phone-1\" class=\"forminator-field-phone forminator-col forminator-col-12\"><div class=\"forminator-field\"><label for=\"forminator-field-phone-1_69d12a8662415\" id=\"forminator-field-phone-1_69d12a8662415-label\" class=\"forminator-label\">T\u00e9l\u00e9phone <span class=\"forminator-required\">*<\/span><\/label><input type=\"text\" name=\"phone-1\" value=\"\" placeholder=\"z. B. : +49 123 4567 89\" id=\"forminator-field-phone-1_69d12a8662415\" class=\"forminator-input forminator-field--phone\" data-required=\"1\" aria-required=\"true\" autocomplete=\"off\" \/><\/div><\/div><\/div><div class=\"forminator-row\"><div id=\"textarea-1\" class=\"forminator-field-textarea forminator-col forminator-col-12\"><div class=\"forminator-field\"><label for=\"forminator-field-textarea-1_69d12a8662415\" id=\"forminator-field-textarea-1_69d12a8662415-label\" class=\"forminator-label\">Souhaits\/remarques<\/label><textarea name=\"textarea-1\" placeholder=\"z. Par exemple, un espace r\u00e9serv\u00e9 au texteTu peux ajouter une nouvelle ligne\" id=\"forminator-field-textarea-1_69d12a8662415\" class=\"forminator-textarea\" rows=\"6\" style=\"min-height:140px;\" ><\/textarea><\/div><\/div><\/div><div class=\"forminator-row\"><div id=\"consent-1\" class=\"forminator-field-consent forminator-col forminator-col-12\"><div class=\"forminator-field\"><label for=\"forminator-field-consent-1_69d12a8662415\" id=\"forminator-field-consent-1_69d12a8662415-label\" class=\"forminator-label\">Protection des donn\u00e9es <span class=\"forminator-required\">*<\/span><\/label><div class=\"forminator-checkbox__wrapper\"><label id=\"forminator-field-consent-1_69d12a8662415__label\" class=\"forminator-checkbox forminator-consent\"><input type=\"checkbox\" name=\"consent-1\" id=\"forminator-field-consent-1_69d12a8662415\" value=\"checked\" aria-labelledby=\"forminator-field-consent-1_69d12a8662415-label\" aria-describedby=\"forminator-field-consent-1_69d12a8662415__description\" data-required=\"true\" aria-required=\"true\" \/><span class=\"forminator-checkbox-box\" aria-hidden=\"true\"><\/span><\/label><div id=\"forminator-field-consent-1_69d12a8662415__description\" class=\"forminator-checkbox__label forminator-consent__label\"><p>J'accepte que mes donn\u00e9es soient enregistr\u00e9es \u00e0 des fins de traitement des r\u00e9servations. <br>Une transmission \u00e0 des tiers n'a pas lieu !<\/p><\/div><\/div><\/div><\/div><\/div><input type=\"hidden\" name=\"referer_url\" value=\"\" \/><div class=\"forminator-row forminator-row-last\"><div class=\"forminator-col\"><div class=\"forminator-field\"><button class=\"forminator-button forminator-button-submit\">Envoyer un message<\/button><\/div><\/div><\/div><input type=\"hidden\" id=\"forminator_nonce\" name=\"forminator_nonce\" value=\"2dfc141a23\" \/><input type=\"hidden\" name=\"_wp_http_referer\" value=\"\/fr\/wp-json\/wp\/v2\/pages\/306\" \/><input type=\"hidden\" name=\"form_id\" value=\"4084\"><input type=\"hidden\" name=\"page_id\" value=\"306\"><input type=\"hidden\" name=\"form_type\" value=\"default\"><input type=\"hidden\" name=\"current_url\" value=\"https:\/\/sophieneck-berlin.de\/fr\/reservation\/\"><input type=\"hidden\" name=\"render_id\" value=\"0\"><input type=\"hidden\" name=\"action\" value=\"forminator_submit_form_custom-forms\"><input type=\"hidden\" name=\"trp-form-language\" value=\"fr\"\/><\/form>\n<\/div>\n\t\t\t\t\t\t<\/div>\n\t\t\t\t<\/div>\n\t\t\t\t\t<\/div>\n\t\t<\/div>\n\t\t\t\t\t<\/div>\n\t\t<\/section>\n\t\t\t\t<section class=\"elementor-section elementor-top-section elementor-element elementor-element-6a9c9fe elementor-section-boxed elementor-section-height-default elementor-section-height-default\" data-id=\"6a9c9fe\" data-element_type=\"section\" data-e-type=\"section\">\n\t\t\t\t\t\t<div class=\"elementor-container elementor-column-gap-no\">\n\t\t\t\t\t<div class=\"elementor-column elementor-col-100 elementor-top-column elementor-element elementor-element-1e1729c\" data-id=\"1e1729c\" data-element_type=\"column\" data-e-type=\"column\">\n\t\t\t<div class=\"elementor-widget-wrap\">\n\t\t\t\t\t\t\t<\/div>\n\t\t<\/div>\n\t\t\t\t\t<\/div>\n\t\t<\/section>\n\t\t\t\t<\/div>","protected":false},"excerpt":{"rendered":"<p>Nous nous r\u00e9jouissons de votre visite ! Demande de r\u00e9servation Nous vous recommandons de faire vos r\u00e9servations pour le jour m\u00eame par t\u00e9l\u00e9phone.<\/p>","protected":false},"author":1,"featured_media":0,"parent":0,"menu_order":0,"comment_status":"closed","ping_status":"closed","template":"elementor_header_footer","meta":{"footnotes":""},"folder":[],"class_list":["post-306","page","type-page","status-publish","hentry"],"_links":{"self":[{"href":"https:\/\/sophieneck-berlin.de\/fr\/wp-json\/wp\/v2\/pages\/306","targetHints":{"allow":["GET"]}}],"collection":[{"href":"https:\/\/sophieneck-berlin.de\/fr\/wp-json\/wp\/v2\/pages"}],"about":[{"href":"https:\/\/sophieneck-berlin.de\/fr\/wp-json\/wp\/v2\/types\/page"}],"author":[{"embeddable":true,"href":"https:\/\/sophieneck-berlin.de\/fr\/wp-json\/wp\/v2\/users\/1"}],"replies":[{"embeddable":true,"href":"https:\/\/sophieneck-berlin.de\/fr\/wp-json\/wp\/v2\/comments?post=306"}],"version-history":[{"count":76,"href":"https:\/\/sophieneck-berlin.de\/fr\/wp-json\/wp\/v2\/pages\/306\/revisions"}],"predecessor-version":[{"id":4108,"href":"https:\/\/sophieneck-berlin.de\/fr\/wp-json\/wp\/v2\/pages\/306\/revisions\/4108"}],"wp:attachment":[{"href":"https:\/\/sophieneck-berlin.de\/fr\/wp-json\/wp\/v2\/media?parent=306"}],"wp:term":[{"taxonomy":"folder","embeddable":true,"href":"https:\/\/sophieneck-berlin.de\/fr\/wp-json\/wp\/v2\/folder?post=306"}],"curies":[{"name":"wp","href":"https:\/\/api.w.org\/{rel}","templated":true}]}}