{"id":393,"date":"2020-05-21T07:51:35","date_gmt":"2020-05-21T05:51:35","guid":{"rendered":"https:\/\/sophieneck.de\/?page_id=393"},"modified":"2023-11-18T20:42:05","modified_gmt":"2023-11-18T19:42:05","slug":"stadtfuehrungen","status":"publish","type":"page","link":"https:\/\/sophieneck-berlin.de\/fr\/visites-guidees-de-la-ville\/","title":{"rendered":"Visites guid\u00e9es de la ville"},"content":{"rendered":"<div data-elementor-type=\"wp-page\" data-elementor-id=\"393\" class=\"elementor elementor-393\">\n\t\t\t\t\t\t<section class=\"elementor-section elementor-top-section elementor-element elementor-element-71d5dd64 elementor-section-boxed elementor-section-height-default elementor-section-height-default\" data-id=\"71d5dd64\" data-element_type=\"section\" data-e-type=\"section\">\n\t\t\t\t\t\t<div class=\"elementor-container elementor-column-gap-no\">\n\t\t\t\t\t<div class=\"elementor-column elementor-col-100 elementor-top-column elementor-element elementor-element-48b7f181\" data-id=\"48b7f181\" data-element_type=\"column\" data-e-type=\"column\">\n\t\t\t<div class=\"elementor-widget-wrap elementor-element-populated\">\n\t\t\t\t\t\t<div class=\"elementor-element elementor-element-279f9143 elementor-widget elementor-widget-image\" data-id=\"279f9143\" data-element_type=\"widget\" data-e-type=\"widget\" data-widget_type=\"image.default\">\n\t\t\t\t<div class=\"elementor-widget-container\">\n\t\t\t\t\t\t\t\t\t\t\t\t\t\t\t<img fetchpriority=\"high\" decoding=\"async\" width=\"1600\" height=\"300\" src=\"https:\/\/sophieneck-berlin.de\/wp-content\/uploads\/2020\/05\/SophieneckBerlin_1600x300.jpg\" class=\"attachment-full size-full wp-image-216\" alt=\"\" srcset=\"https:\/\/sophieneck-berlin.de\/wp-content\/uploads\/2020\/05\/SophieneckBerlin_1600x300.jpg 1600w, https:\/\/sophieneck-berlin.de\/wp-content\/uploads\/2020\/05\/SophieneckBerlin_1600x300-600x113.jpg 600w, https:\/\/sophieneck-berlin.de\/wp-content\/uploads\/2020\/05\/SophieneckBerlin_1600x300-300x56.jpg 300w, https:\/\/sophieneck-berlin.de\/wp-content\/uploads\/2020\/05\/SophieneckBerlin_1600x300-1024x192.jpg 1024w, https:\/\/sophieneck-berlin.de\/wp-content\/uploads\/2020\/05\/SophieneckBerlin_1600x300-768x144.jpg 768w, https:\/\/sophieneck-berlin.de\/wp-content\/uploads\/2020\/05\/SophieneckBerlin_1600x300-1536x288.jpg 1536w, https:\/\/sophieneck-berlin.de\/wp-content\/uploads\/2020\/05\/SophieneckBerlin_1600x300-18x3.jpg 18w, https:\/\/sophieneck-berlin.de\/wp-content\/uploads\/2020\/05\/SophieneckBerlin_1600x300-1067x200.jpg 1067w\" sizes=\"(max-width: 1600px) 100vw, 1600px\" \/>\t\t\t\t\t\t\t\t\t\t\t\t\t\t\t<\/div>\n\t\t\t\t<\/div>\n\t\t\t\t\t<\/div>\n\t\t<\/div>\n\t\t\t\t\t<\/div>\n\t\t<\/section>\n\t\t\t\t<section class=\"elementor-section elementor-top-section elementor-element elementor-element-14b847aa elementor-section-boxed elementor-section-height-default elementor-section-height-default\" data-id=\"14b847aa\" data-element_type=\"section\" data-e-type=\"section\">\n\t\t\t\t\t\t<div class=\"elementor-container elementor-column-gap-no\">\n\t\t\t\t\t<div class=\"elementor-column elementor-col-50 elementor-top-column elementor-element elementor-element-6a72cc95\" data-id=\"6a72cc95\" data-element_type=\"column\" data-e-type=\"column\">\n\t\t\t<div class=\"elementor-widget-wrap elementor-element-populated\">\n\t\t\t\t\t\t<div class=\"elementor-element elementor-element-2852570d animated-fast elementor-invisible elementor-widget elementor-widget-heading\" data-id=\"2852570d\" data-element_type=\"widget\" data-e-type=\"widget\" data-settings=\"{&quot;_animation&quot;:&quot;fadeInLeft&quot;}\" data-widget_type=\"heading.default\">\n\t\t\t\t<div class=\"elementor-widget-container\">\n\t\t\t\t\t<h2 class=\"elementor-heading-title elementor-size-default\">L'exp\u00e9rience - une promenade en ville avec Tobias v. Schoenebeck<\/h2>\t\t\t\t<\/div>\n\t\t\t\t<\/div>\n\t\t\t\t<div class=\"elementor-element elementor-element-ad25b58 elementor-widget-divider--view-line elementor-widget elementor-widget-divider\" data-id=\"ad25b58\" data-element_type=\"widget\" data-e-type=\"widget\" data-widget_type=\"divider.default\">\n\t\t\t\t<div class=\"elementor-widget-container\">\n\t\t\t\t\t\t\t<div class=\"elementor-divider\">\n\t\t\t<span class=\"elementor-divider-separator\">\n\t\t\t\t\t\t<\/span>\n\t\t<\/div>\n\t\t\t\t\t\t<\/div>\n\t\t\t\t<\/div>\n\t\t\t\t<div class=\"elementor-element elementor-element-c2a295b elementor-widget elementor-widget-text-editor\" data-id=\"c2a295b\" data-element_type=\"widget\" data-e-type=\"widget\" data-widget_type=\"text-editor.default\">\n\t\t\t\t<div class=\"elementor-widget-container\">\n\t\t\t\t\t\t\t\t\t<p>Le restaurant &#8222;Sophien&#8217;Eck&amp;#8220 ; est situ\u00e9 au c\u0153ur du quartier le mieux conserv\u00e9 de la vieille ville de Berlin, le Spandauer Vorstadt, qui s'\u00e9tend entre le Hackescher Markt, la Rosenthaler Platz et la Oranienburger Stra\u00dfe.<\/p><p>D\u00e9couvrez des cours uniques et magnifiquement r\u00e9nov\u00e9es lors d'une visite guid\u00e9e du quartier, le \"mile de la tol\u00e9rance\", o\u00f9 protestants, catholiques et juifs ont v\u00e9cu et revivent paisiblement c\u00f4te \u00e0 c\u00f4te, la plus ancienne \u00e9glise pr\u00e9serv\u00e9e du centre de Berlin, la sc\u00e8ne artistique anim\u00e9e avec ses galeries, collections et studios innovants, ses boutiques originales et ses bars branch\u00e9s.<\/p><p>Au cours d'une promenade rapide, nous vous pr\u00e9senterons des personnalit\u00e9s qui ont travaill\u00e9 et v\u00e9cu ici : le g\u00e9n\u00e9ral de corps d'arm\u00e9e Hans-Christoph von Hacke, la reine Sophie Luise, la Prusse Sappho Anna Luisa Karschin, le chef du district Wilhelm Kr\u00fctzfeld et bien d'autres encore.<\/p><p>Promenez-vous dans les rues de ce quartier et d\u00e9couvrez l'histoire et les r\u00e9cits de trois si\u00e8cles.<\/p><p>Nous organisons cette visite sur commande, elle dure entre une et deux heures, selon vos souhaits.<\/p><p>Le point de d\u00e9part id\u00e9al pour les visites guid\u00e9es est soit le &#8222;Sophieneck&amp;#8220 ; soit le 1. Hackesche Hof, Rosenthaler Stra\u00dfe 40\/41.<\/p><p>Apr\u00e8s la visite, la bi\u00e8re et un d\u00eener copieux au &#8222;Sophieneck&amp;#8220 ; sont particuli\u00e8rement savoureux &amp;#8230 ;<\/p>\t\t\t\t\t\t\t\t<\/div>\n\t\t\t\t<\/div>\n\t\t\t\t<div class=\"elementor-element elementor-element-abbefb5 elementor-widget elementor-widget-text-editor\" data-id=\"abbefb5\" data-element_type=\"widget\" data-e-type=\"widget\" data-widget_type=\"text-editor.default\">\n\t\t\t\t<div class=\"elementor-widget-container\">\n\t\t\t\t\t\t\t\t\t<h5><strong>Prix (TVA 19% incluse)<\/strong><\/h5>\n<table border=\"0\" width=\"100%\">\n<tbody>\n<tr>\n<td><\/td>\n<td><b>Tarif de groupe<\/b>\n(jusqu'\u00e0 20 personnes)<\/td>\n<td><b>Tarif pour les petits groupes<\/b>\n(jusqu'\u00e0 6 personnes)<\/td>\n<\/tr>\n<tr>\n<td>1 heure<\/td>\n<td>100,00 Euro<\/td>\n<td>75,00 Euro<\/td>\n<\/tr>\n<tr>\n<td>2 heures<\/td>\n<td>150,00 Euro<\/td>\n<td>100,00 Euro<\/td>\n<\/tr>\n<\/tbody>\n<\/table>\t\t\t\t\t\t\t\t<\/div>\n\t\t\t\t<\/div>\n\t\t\t\t<div class=\"elementor-element elementor-element-bc187e5 elementor-widget elementor-widget-text-editor\" data-id=\"bc187e5\" data-element_type=\"widget\" data-e-type=\"widget\" data-widget_type=\"text-editor.default\">\n\t\t\t\t<div class=\"elementor-widget-container\">\n\t\t\t\t\t\t\t\t\t<p>Informations compl\u00e9mentaires et r\u00e9servation :<br \/>Tobias c. Schoenebeck<br \/>Arrangements culturels de Schoenebeck<\/p><p>T\u00e9l\u00e9phone : +49 30 &amp;#8211 ; 691 55 08<br \/>Fax : +49 30 &amp;#8211 ; 691 55 07<\/p><p>Courrier \u00e9lectronique : <a href=\"mailto:schoenebeck@web.de?subject=www.sophieneck-berlin.de&amp;body=Stadtfuehrung\">schoenebeck@web.de<\/a><\/p>\t\t\t\t\t\t\t\t<\/div>\n\t\t\t\t<\/div>\n\t\t\t\t\t<\/div>\n\t\t<\/div>\n\t\t\t\t<div class=\"elementor-column elementor-col-50 elementor-top-column elementor-element elementor-element-bdbd7cc animated-fast elementor-invisible\" data-id=\"bdbd7cc\" data-element_type=\"column\" data-e-type=\"column\" data-settings=\"{&quot;background_background&quot;:&quot;classic&quot;,&quot;animation&quot;:&quot;fadeInRight&quot;}\">\n\t\t\t<div class=\"elementor-widget-wrap elementor-element-populated\">\n\t\t\t\t\t\t<div class=\"elementor-element elementor-element-32b253b elementor-widget elementor-widget-text-editor\" data-id=\"32b253b\" data-element_type=\"widget\" data-e-type=\"widget\" data-settings=\"{&quot;_animation&quot;:&quot;none&quot;}\" data-widget_type=\"text-editor.default\">\n\t\t\t\t<div class=\"elementor-widget-container\">\n\t\t\t\t\t\t\t\t\t<p style=\"text-align: center;\"><a href=\"https:\/\/sophieneck-berlin.de\/fr\/kiezrundgang\/\"><span style=\"color: #ffffff;\">Kiez Spandauer Vorstadt<br \/><\/span><\/a><\/p>\t\t\t\t\t\t\t\t<\/div>\n\t\t\t\t<\/div>\n\t\t\t\t<div class=\"elementor-element elementor-element-17ec159 elementor-widget elementor-widget-text-editor\" data-id=\"17ec159\" data-element_type=\"widget\" data-e-type=\"widget\" data-settings=\"{&quot;_animation&quot;:&quot;none&quot;}\" data-widget_type=\"text-editor.default\">\n\t\t\t\t<div class=\"elementor-widget-container\">\n\t\t\t\t\t\t\t\t\t<p style=\"text-align: center;\"><span style=\"color: #ffffff;\"><a style=\"color: #ffffff;\" href=\"https:\/\/sophieneck-berlin.de\/fr\/zur-geschichte-einer-ecke\/\">L'histoire d'un coin<\/a><br \/><\/span><\/p>\t\t\t\t\t\t\t\t<\/div>\n\t\t\t\t<\/div>\n\t\t\t\t<div class=\"elementor-element elementor-element-05f2898 elementor-widget elementor-widget-text-editor\" data-id=\"05f2898\" data-element_type=\"widget\" data-e-type=\"widget\" data-settings=\"{&quot;_animation&quot;:&quot;none&quot;}\" data-widget_type=\"text-editor.default\">\n\t\t\t\t<div class=\"elementor-widget-container\">\n\t\t\t\t\t\t\t\t\t<p style=\"text-align: center;\"><span style=\"color: #ffffff;\"><a style=\"color: #ffffff;\" href=\"https:\/\/sophieneck-berlin.de\/fr\/stadtfuehrungen\/\">Tour de ville dans le quartier<\/a><br \/><\/span><\/p>\t\t\t\t\t\t\t\t<\/div>\n\t\t\t\t<\/div>\n\t\t\t\t<div class=\"elementor-element elementor-element-21d455d elementor-widget elementor-widget-text-editor\" data-id=\"21d455d\" data-element_type=\"widget\" data-e-type=\"widget\" data-settings=\"{&quot;_animation&quot;:&quot;none&quot;}\" data-widget_type=\"text-editor.default\">\n\t\t\t\t<div class=\"elementor-widget-container\">\n\t\t\t\t\t\t\t\t\t<p style=\"text-align: center;\"><span style=\"color: #ffffff;\"><a style=\"color: #ffffff;\" href=\"https:\/\/sophieneck-berlin.de\/fr\/tipps-und-links\/\">Conseils culturels de quartier<\/a><br \/><\/span><\/p>\t\t\t\t\t\t\t\t<\/div>\n\t\t\t\t<\/div>\n\t\t\t\t\t<\/div>\n\t\t<\/div>\n\t\t\t\t\t<\/div>\n\t\t<\/section>\n\t\t\t\t<\/div>","protected":false},"excerpt":{"rendered":"<p>L'exp\u00e9rience - une visite de la ville avec Tobias v. Schoenebeck L'authentique restaurant &#8222;Sophien&#8217;Eck&amp;#8220 ; est situ\u00e9 au c\u0153ur du quartier le mieux conserv\u00e9 de la vieille ville de Berlin, le Spandauer Vorstadt, qui s'\u00e9tend entre le Hackescher Markt, la Rosenthaler Platz et la Oranienburger Stra\u00dfe. D\u00e9couvrez lors d'une visite guid\u00e9e du quartier des lieux uniques et magnifiques &amp;hellip ;<\/p>","protected":false},"author":1,"featured_media":0,"parent":0,"menu_order":0,"comment_status":"closed","ping_status":"closed","template":"elementor_header_footer","meta":{"footnotes":""},"folder":[],"class_list":["post-393","page","type-page","status-publish","hentry"],"_links":{"self":[{"href":"https:\/\/sophieneck-berlin.de\/fr\/wp-json\/wp\/v2\/pages\/393","targetHints":{"allow":["GET"]}}],"collection":[{"href":"https:\/\/sophieneck-berlin.de\/fr\/wp-json\/wp\/v2\/pages"}],"about":[{"href":"https:\/\/sophieneck-berlin.de\/fr\/wp-json\/wp\/v2\/types\/page"}],"author":[{"embeddable":true,"href":"https:\/\/sophieneck-berlin.de\/fr\/wp-json\/wp\/v2\/users\/1"}],"replies":[{"embeddable":true,"href":"https:\/\/sophieneck-berlin.de\/fr\/wp-json\/wp\/v2\/comments?post=393"}],"version-history":[{"count":20,"href":"https:\/\/sophieneck-berlin.de\/fr\/wp-json\/wp\/v2\/pages\/393\/revisions"}],"predecessor-version":[{"id":1034,"href":"https:\/\/sophieneck-berlin.de\/fr\/wp-json\/wp\/v2\/pages\/393\/revisions\/1034"}],"wp:attachment":[{"href":"https:\/\/sophieneck-berlin.de\/fr\/wp-json\/wp\/v2\/media?parent=393"}],"wp:term":[{"taxonomy":"folder","embeddable":true,"href":"https:\/\/sophieneck-berlin.de\/fr\/wp-json\/wp\/v2\/folder?post=393"}],"curies":[{"name":"wp","href":"https:\/\/api.w.org\/{rel}","templated":true}]}}