{"id":4535,"date":"2025-03-28T16:36:42","date_gmt":"2025-03-28T15:36:42","guid":{"rendered":"https:\/\/sophieneck-berlin.de\/?page_id=4535"},"modified":"2026-02-22T12:23:02","modified_gmt":"2026-02-22T11:23:02","slug":"speisen-getreanke","status":"publish","type":"page","link":"https:\/\/sophieneck-berlin.de\/fr\/a-manger\/","title":{"rendered":"Repas-Greanke"},"content":{"rendered":"<div data-elementor-type=\"wp-page\" data-elementor-id=\"4535\" class=\"elementor elementor-4535\">\n\t\t\t\t\t\t<section class=\"elementor-section elementor-top-section elementor-element elementor-element-b63dc20 elementor-section-boxed elementor-section-height-default elementor-section-height-default\" data-id=\"b63dc20\" data-element_type=\"section\" data-e-type=\"section\">\n\t\t\t\t\t\t<div class=\"elementor-container elementor-column-gap-no\">\n\t\t\t\t\t<div class=\"elementor-column elementor-col-100 elementor-top-column elementor-element elementor-element-c79a306\" data-id=\"c79a306\" data-element_type=\"column\" data-e-type=\"column\">\n\t\t\t<div class=\"elementor-widget-wrap elementor-element-populated\">\n\t\t\t\t\t\t<div class=\"elementor-element elementor-element-9ee0dbd elementor-tabs-view-horizontal elementor-widget elementor-widget-tabs\" data-id=\"9ee0dbd\" data-element_type=\"widget\" data-e-type=\"widget\" data-widget_type=\"tabs.default\">\n\t\t\t\t<div class=\"elementor-widget-container\">\n\t\t\t\t\t\t\t<div class=\"elementor-tabs\">\n\t\t\t<div class=\"elementor-tabs-wrapper\" role=\"tablist\" >\n\t\t\t\t\t\t\t\t\t<div id=\"elementor-tab-title-1661\" class=\"elementor-tab-title elementor-tab-desktop-title\" aria-selected=\"true\" data-tab=\"1\" role=\"tab\" tabindex=\"0\" aria-controls=\"elementor-tab-content-1661\" aria-expanded=\"false\">Offres<\/div>\n\t\t\t\t\t\t\t\t\t<div id=\"elementor-tab-title-1662\" class=\"elementor-tab-title elementor-tab-desktop-title\" aria-selected=\"false\" data-tab=\"2\" role=\"tab\" tabindex=\"-1\" aria-controls=\"elementor-tab-content-1662\" aria-expanded=\"false\">Carte<\/div>\n\t\t\t\t\t\t\t\t\t<div id=\"elementor-tab-title-1663\" class=\"elementor-tab-title elementor-tab-desktop-title\" aria-selected=\"false\" data-tab=\"3\" role=\"tab\" tabindex=\"-1\" aria-controls=\"elementor-tab-content-1663\" aria-expanded=\"false\">Boissons<\/div>\n\t\t\t\t\t\t\t\t\t<div id=\"elementor-tab-title-1664\" class=\"elementor-tab-title elementor-tab-desktop-title\" aria-selected=\"false\" data-tab=\"4\" role=\"tab\" tabindex=\"-1\" aria-controls=\"elementor-tab-content-1664\" aria-expanded=\"false\">Vins<\/div>\n\t\t\t\t\t\t\t\t\t<div id=\"elementor-tab-title-1665\" class=\"elementor-tab-title elementor-tab-desktop-title\" aria-selected=\"false\" data-tab=\"5\" role=\"tab\" tabindex=\"-1\" aria-controls=\"elementor-tab-content-1665\" aria-expanded=\"false\">Sp\u00e9cial Berlin<\/div>\n\t\t\t\t\t\t\t<\/div>\n\t\t\t<div class=\"elementor-tabs-content-wrapper\" role=\"tablist\" aria-orientation=\"vertical\">\n\t\t\t\t\t\t\t\t\t<div class=\"elementor-tab-title elementor-tab-mobile-title\" aria-selected=\"true\" data-tab=\"1\" role=\"tab\" tabindex=\"0\" aria-controls=\"elementor-tab-content-1661\" aria-expanded=\"false\">Offres<\/div>\n\t\t\t\t\t<div id=\"elementor-tab-content-1661\" class=\"elementor-tab-content elementor-clearfix\" data-tab=\"1\" role=\"tabpanel\" aria-labelledby=\"elementor-tab-title-1661\" tabindex=\"0\" hidden=\"false\"><p><span style=\"color: #50575e; font-family: -apple-system, 'system-ui', 'Segoe UI', Roboto, Oxygen-Sans, Ubuntu, Cantarell, 'Helvetica Neue', sans-serif; font-size: 13px; font-style: normal; font-variant-ligatures: normal; font-variant-caps: normal; font-weight: 400; background-color: #ffffff;\"><div class=\"_df_book df-lite\" id=\"df_5676\"  _slug=\"mittag-fr\" data-title=\"mittag-fr\" wpoptions=\"true\" thumbtype=\"\" ><\/div><script class=\"df-shortcode-script\" nowprocket type=\"application\/javascript\">window.option_df_5676 = {\"outline\":[],\"backgroundColor\":\"#ffffff\",\"height\":\"700\",\"viewerType\":\"flipbook\",\"autoEnableOutline\":\"false\",\"autoEnableThumbnail\":\"true\",\"overwritePDFOutline\":\"false\",\"direction\":\"1\",\"pageSize\":\"0\",\"controlsPosition\":\"top\",\"source\":\"https:\\\/\\\/sophieneck-berlin.de\\\/wp-content\\\/uploads\\\/2026\\\/03\\\/Sophieneck_Osterkarte_2026-fr.pdf\",\"wpOptions\":\"true\"}; if(window.DFLIP && window.DFLIP.parseBooks){window.DFLIP.parseBooks();}<\/script><\/span><\/p><\/div>\n\t\t\t\t\t\t\t\t\t<div class=\"elementor-tab-title elementor-tab-mobile-title\" aria-selected=\"false\" data-tab=\"2\" role=\"tab\" tabindex=\"-1\" aria-controls=\"elementor-tab-content-1662\" aria-expanded=\"false\">Carte<\/div>\n\t\t\t\t\t<div id=\"elementor-tab-content-1662\" class=\"elementor-tab-content elementor-clearfix\" data-tab=\"2\" role=\"tabpanel\" aria-labelledby=\"elementor-tab-title-1662\" tabindex=\"0\" hidden=\"hidden\"><p><div class=\"_df_book df-lite\" id=\"df_5090\"  _slug=\"speisen-fr\" data-title=\"speisen-fr\" wpoptions=\"true\" thumbtype=\"\" ><\/div><script class=\"df-shortcode-script\" nowprocket type=\"application\/javascript\">window.option_df_5090 = {\"outline\":[],\"backgroundColor\":\"#e2e2e2\",\"height\":\"700\",\"autoEnableOutline\":\"false\",\"autoEnableThumbnail\":\"false\",\"overwritePDFOutline\":\"false\",\"enableDownload\":\"true\",\"direction\":\"1\",\"pageSize\":\"0\",\"controlsPosition\":\"top\",\"soundEnable\":\"true\",\"autoPlay\":\"true\",\"autoPlayDuration\":\"10000\",\"autoPlayStart\":\"true\",\"source\":\"https:\\\/\\\/sophieneck-berlin.de\\\/wp-content\\\/uploads\\\/2025\\\/08\\\/SpeiseKarte_15082025_Sophieneck-fr.pdf\",\"wpOptions\":\"true\"}; if(window.DFLIP && window.DFLIP.parseBooks){window.DFLIP.parseBooks();}<\/script><\/p><\/div>\n\t\t\t\t\t\t\t\t\t<div class=\"elementor-tab-title elementor-tab-mobile-title\" aria-selected=\"false\" data-tab=\"3\" role=\"tab\" tabindex=\"-1\" aria-controls=\"elementor-tab-content-1663\" aria-expanded=\"false\">Boissons<\/div>\n\t\t\t\t\t<div id=\"elementor-tab-content-1663\" class=\"elementor-tab-content elementor-clearfix\" data-tab=\"3\" role=\"tabpanel\" aria-labelledby=\"elementor-tab-title-1663\" tabindex=\"0\" hidden=\"hidden\"><p><div class=\"_df_book df-lite\" id=\"df_5083\"  _slug=\"getraenke-fr\" data-title=\"getraenke-fr\" wpoptions=\"true\" thumbtype=\"\" ><\/div><script class=\"df-shortcode-script\" nowprocket type=\"application\/javascript\">window.option_df_5083 = {\"outline\":[],\"backgroundColor\":\"#e2e2e2\",\"height\":\"700\",\"autoEnableOutline\":\"false\",\"autoEnableThumbnail\":\"false\",\"overwritePDFOutline\":\"false\",\"enableDownload\":\"true\",\"direction\":\"1\",\"pageSize\":\"0\",\"controlsPosition\":\"top\",\"soundEnable\":\"true\",\"autoPlay\":\"true\",\"autoPlayDuration\":\"10000\",\"autoPlayStart\":\"true\",\"source\":\"https:\\\/\\\/sophieneck-berlin.de\\\/wp-content\\\/uploads\\\/2025\\\/04\\\/Getreanke_fr.pdf\",\"wpOptions\":\"true\"}; if(window.DFLIP && window.DFLIP.parseBooks){window.DFLIP.parseBooks();}<\/script><\/p><\/div>\n\t\t\t\t\t\t\t\t\t<div class=\"elementor-tab-title elementor-tab-mobile-title\" aria-selected=\"false\" data-tab=\"4\" role=\"tab\" tabindex=\"-1\" aria-controls=\"elementor-tab-content-1664\" aria-expanded=\"false\">Vins<\/div>\n\t\t\t\t\t<div id=\"elementor-tab-content-1664\" class=\"elementor-tab-content elementor-clearfix\" data-tab=\"4\" role=\"tabpanel\" aria-labelledby=\"elementor-tab-title-1664\" tabindex=\"0\" hidden=\"hidden\"><p><div class=\"_df_book df-lite\" id=\"df_5069\"  _slug=\"weinkarte-fr\" data-title=\"weinkarte-fr\" wpoptions=\"true\" thumbtype=\"\" ><\/div><script class=\"df-shortcode-script\" nowprocket type=\"application\/javascript\">window.option_df_5069 = {\"outline\":[],\"backgroundColor\":\"#e2e2e2\",\"height\":\"700\",\"autoEnableOutline\":\"false\",\"autoEnableThumbnail\":\"false\",\"overwritePDFOutline\":\"false\",\"enableDownload\":\"true\",\"direction\":\"1\",\"pageSize\":\"0\",\"controlsPosition\":\"top\",\"soundEnable\":\"true\",\"autoPlay\":\"true\",\"autoPlayDuration\":\"10000\",\"autoPlayStart\":\"true\",\"source\":\"https:\\\/\\\/sophieneck-berlin.de\\\/wp-content\\\/uploads\\\/2025\\\/04\\\/Weinkarte_fr.pdf\",\"wpOptions\":\"true\"}; if(window.DFLIP && window.DFLIP.parseBooks){window.DFLIP.parseBooks();}<\/script><\/p><\/div>\n\t\t\t\t\t\t\t\t\t<div class=\"elementor-tab-title elementor-tab-mobile-title\" aria-selected=\"false\" data-tab=\"5\" role=\"tab\" tabindex=\"-1\" aria-controls=\"elementor-tab-content-1665\" aria-expanded=\"false\">Sp\u00e9cial Berlin<\/div>\n\t\t\t\t\t<div id=\"elementor-tab-content-1665\" class=\"elementor-tab-content elementor-clearfix\" data-tab=\"5\" role=\"tabpanel\" aria-labelledby=\"elementor-tab-title-1665\" tabindex=\"0\" hidden=\"hidden\"><p><div class=\"_df_book df-lite\" id=\"df_5075\"  _slug=\"aktuelles-angebot-fr\" data-title=\"aktuelles-angebot-fr\" wpoptions=\"true\" thumbtype=\"\" ><\/div><script class=\"df-shortcode-script\" nowprocket type=\"application\/javascript\">window.option_df_5075 = {\"outline\":[],\"backgroundColor\":\"#e2e2e2\",\"height\":\"700\",\"autoEnableOutline\":\"false\",\"autoEnableThumbnail\":\"true\",\"overwritePDFOutline\":\"false\",\"enableDownload\":\"true\",\"direction\":\"1\",\"pageSize\":\"0\",\"controlsPosition\":\"top\",\"autoPlay\":\"true\",\"autoPlayDuration\":\"10000\",\"autoPlayStart\":\"true\",\"source\":\"https:\\\/\\\/sophieneck-berlin.de\\\/wp-content\\\/uploads\\\/2026\\\/02\\\/Sophieneck_Angebot_05_02_2026-fr.pdf\",\"wpOptions\":\"true\"}; if(window.DFLIP && window.DFLIP.parseBooks){window.DFLIP.parseBooks();}<\/script><div class=\"_df_book df-lite\" id=\"df_5075\"  _slug=\"aktuelles-angebot-fr\" data-title=\"aktuelles-angebot-fr\" wpoptions=\"true\" thumbtype=\"\" ><\/div><script class=\"df-shortcode-script\" nowprocket type=\"application\/javascript\">window.option_df_5075 = {\"outline\":[],\"backgroundColor\":\"#e2e2e2\",\"height\":\"700\",\"autoEnableOutline\":\"false\",\"autoEnableThumbnail\":\"true\",\"overwritePDFOutline\":\"false\",\"enableDownload\":\"true\",\"direction\":\"1\",\"pageSize\":\"0\",\"controlsPosition\":\"top\",\"autoPlay\":\"true\",\"autoPlayDuration\":\"10000\",\"autoPlayStart\":\"true\",\"source\":\"https:\\\/\\\/sophieneck-berlin.de\\\/wp-content\\\/uploads\\\/2026\\\/02\\\/Sophieneck_Angebot_05_02_2026-fr.pdf\",\"wpOptions\":\"true\"}; if(window.DFLIP && window.DFLIP.parseBooks){window.DFLIP.parseBooks();}<\/script><\/p><\/div>\n\t\t\t\t\t\t\t<\/div>\n\t\t<\/div>\n\t\t\t\t\t\t<\/div>\n\t\t\t\t<\/div>\n\t\t\t\t\t<\/div>\n\t\t<\/div>\n\t\t\t\t\t<\/div>\n\t\t<\/section>\n\t\t\t\t<section class=\"elementor-section elementor-top-section elementor-element elementor-element-f987d5a elementor-section-boxed elementor-section-height-default elementor-section-height-default\" data-id=\"f987d5a\" data-element_type=\"section\" data-e-type=\"section\">\n\t\t\t\t\t\t<div class=\"elementor-container elementor-column-gap-default\">\n\t\t\t\t\t<div class=\"elementor-column elementor-col-100 elementor-top-column elementor-element elementor-element-2a63594\" data-id=\"2a63594\" data-element_type=\"column\" data-e-type=\"column\">\n\t\t\t<div class=\"elementor-widget-wrap\">\n\t\t\t\t\t\t\t<\/div>\n\t\t<\/div>\n\t\t\t\t\t<\/div>\n\t\t<\/section>\n\t\t\t\t<\/div>","protected":false},"excerpt":{"rendered":"<p>Aktuelles Angebot Speisen Getr\u00e4nke Weinkarte Unser Berlin-Spezial Aktuelles Angebot Speisen Getr\u00e4nke Weinkarte Unser Berlin-Spezial Offers Food Drinks Wines Our Berlin Special Offers Food Drinks Wines Our Berlin Special Offres Carte Boissons Vins Sp\u00e9cial Berlin Offres Carte Boissons Vins Sp\u00e9cial Berlin Ofertas Carta Bebidas Vinos Especial Berl\u00edn Ofertas Carta Bebidas Vinos &hellip;<\/p>","protected":false},"author":1,"featured_media":0,"parent":0,"menu_order":0,"comment_status":"closed","ping_status":"closed","template":"elementor_header_footer","meta":{"footnotes":""},"folder":[],"class_list":["post-4535","page","type-page","status-publish","hentry"],"_links":{"self":[{"href":"https:\/\/sophieneck-berlin.de\/fr\/wp-json\/wp\/v2\/pages\/4535","targetHints":{"allow":["GET"]}}],"collection":[{"href":"https:\/\/sophieneck-berlin.de\/fr\/wp-json\/wp\/v2\/pages"}],"about":[{"href":"https:\/\/sophieneck-berlin.de\/fr\/wp-json\/wp\/v2\/types\/page"}],"author":[{"embeddable":true,"href":"https:\/\/sophieneck-berlin.de\/fr\/wp-json\/wp\/v2\/users\/1"}],"replies":[{"embeddable":true,"href":"https:\/\/sophieneck-berlin.de\/fr\/wp-json\/wp\/v2\/comments?post=4535"}],"version-history":[{"count":245,"href":"https:\/\/sophieneck-berlin.de\/fr\/wp-json\/wp\/v2\/pages\/4535\/revisions"}],"predecessor-version":[{"id":5690,"href":"https:\/\/sophieneck-berlin.de\/fr\/wp-json\/wp\/v2\/pages\/4535\/revisions\/5690"}],"wp:attachment":[{"href":"https:\/\/sophieneck-berlin.de\/fr\/wp-json\/wp\/v2\/media?parent=4535"}],"wp:term":[{"taxonomy":"folder","embeddable":true,"href":"https:\/\/sophieneck-berlin.de\/fr\/wp-json\/wp\/v2\/folder?post=4535"}],"curies":[{"name":"wp","href":"https:\/\/api.w.org\/{rel}","templated":true}]}}