{"id":80,"date":"2020-05-13T07:39:09","date_gmt":"2020-05-13T05:39:09","guid":{"rendered":"https:\/\/sophieneck.de\/?page_id=80"},"modified":"2023-11-18T20:41:01","modified_gmt":"2023-11-18T19:41:01","slug":"impressum","status":"publish","type":"page","link":"https:\/\/sophieneck-berlin.de\/fr\/mentions-legales\/","title":{"rendered":"Mentions l\u00e9gales"},"content":{"rendered":"<div data-elementor-type=\"wp-page\" data-elementor-id=\"80\" class=\"elementor elementor-80\">\n\t\t\t\t\t\t<section class=\"elementor-section elementor-top-section elementor-element elementor-element-c448f2e elementor-section-boxed elementor-section-height-default elementor-section-height-default\" data-id=\"c448f2e\" data-element_type=\"section\" data-e-type=\"section\">\n\t\t\t\t\t\t<div class=\"elementor-container elementor-column-gap-default\">\n\t\t\t\t\t<div class=\"elementor-column elementor-col-100 elementor-top-column elementor-element elementor-element-de7ca30\" data-id=\"de7ca30\" data-element_type=\"column\" data-e-type=\"column\">\n\t\t\t<div class=\"elementor-widget-wrap elementor-element-populated\">\n\t\t\t\t\t\t<div class=\"elementor-element elementor-element-871107e elementor-widget elementor-widget-heading\" data-id=\"871107e\" data-element_type=\"widget\" data-e-type=\"widget\" data-widget_type=\"heading.default\">\n\t\t\t\t<div class=\"elementor-widget-container\">\n\t\t\t\t\t<h2 class=\"elementor-heading-title elementor-size-default\">Mentions l\u00e9gales<\/h2>\t\t\t\t<\/div>\n\t\t\t\t<\/div>\n\t\t\t\t\t<\/div>\n\t\t<\/div>\n\t\t\t\t\t<\/div>\n\t\t<\/section>\n\t\t\t\t<section class=\"elementor-section elementor-top-section elementor-element elementor-element-68d9170 elementor-section-content-top elementor-section-boxed elementor-section-height-default elementor-section-height-default\" data-id=\"68d9170\" data-element_type=\"section\" data-e-type=\"section\">\n\t\t\t\t\t\t<div class=\"elementor-container elementor-column-gap-no\">\n\t\t\t\t\t<div class=\"elementor-column elementor-col-50 elementor-top-column elementor-element elementor-element-584e40d\" data-id=\"584e40d\" data-element_type=\"column\" data-e-type=\"column\">\n\t\t\t<div class=\"elementor-widget-wrap elementor-element-populated\">\n\t\t\t\t\t\t<div class=\"elementor-element elementor-element-6c3a14e elementor-widget elementor-widget-text-editor\" data-id=\"6c3a14e\" data-element_type=\"widget\" data-e-type=\"widget\" data-widget_type=\"text-editor.default\">\n\t\t\t\t<div class=\"elementor-widget-container\">\n\t\t\t\t\t\t\t\t\t<h5><strong>Op\u00e9rateur<\/strong><\/h5><p>DUWENO Restaurant and Hotel Management GmbH<br \/>Grosse Hamburger Strasse 37<br \/>D-10115<br \/>Allemagne<br \/>T\u00e9l\u00e9phone : +49(0)30 - 28 22 10 9<br \/>Fax : +49(0)30 28 59 98 60<br \/>e-mail : info@sophieneck-berlin.de<\/p>\t\t\t\t\t\t\t\t<\/div>\n\t\t\t\t<\/div>\n\t\t\t\t<div class=\"elementor-element elementor-element-37cb987 elementor-widget elementor-widget-text-editor\" data-id=\"37cb987\" data-element_type=\"widget\" data-e-type=\"widget\" data-widget_type=\"text-editor.default\">\n\t\t\t\t<div class=\"elementor-widget-container\">\n\t\t\t\t\t\t\t\t\t<h5><strong>Repr\u00e9sentants l\u00e9gaux<\/strong><\/h5><p>Henrik Nowack - Directeur g\u00e9n\u00e9ral<br \/>Responsable du contenu<br \/>Henrik Nowack - Directeur g\u00e9n\u00e9ral<br \/>S'inscrire<br \/>Tribunal d'instance de Berlin, HR B 59562<br \/>N\u00b0 d'identification TVA CE DE 179 720 531<\/p>\t\t\t\t\t\t\t\t<\/div>\n\t\t\t\t<\/div>\n\t\t\t\t<div class=\"elementor-element elementor-element-d0df11e elementor-widget elementor-widget-text-editor\" data-id=\"d0df11e\" data-element_type=\"widget\" data-e-type=\"widget\" data-widget_type=\"text-editor.default\">\n\t\t\t\t<div class=\"elementor-widget-container\">\n\t\t\t\t\t\t\t\t\t<p>\u00a0<\/p><h5><strong>Clause de non-responsabilit\u00e9<\/strong><\/h5><p>Malgr\u00e9 un contr\u00f4le minutieux du contenu, nous n'assumons aucune responsabilit\u00e9 quant au contenu des liens externes. Les exploitants des pages li\u00e9es sont seuls responsables du contenu de leurs pages.<\/p>\t\t\t\t\t\t\t\t<\/div>\n\t\t\t\t<\/div>\n\t\t\t\t\t<\/div>\n\t\t<\/div>\n\t\t\t\t<div class=\"elementor-column elementor-col-50 elementor-top-column elementor-element elementor-element-bc4533f\" data-id=\"bc4533f\" data-element_type=\"column\" data-e-type=\"column\">\n\t\t\t<div class=\"elementor-widget-wrap elementor-element-populated\">\n\t\t\t\t\t\t<div class=\"elementor-element elementor-element-57e64be elementor-widget elementor-widget-text-editor\" data-id=\"57e64be\" data-element_type=\"widget\" data-e-type=\"widget\" data-widget_type=\"text-editor.default\">\n\t\t\t\t<div class=\"elementor-widget-container\">\n\t\t\t\t\t\t\t\t\t<h5><a href=\"https:\/\/elgerart.de\" target=\"_blank\" rel=\"noopener\"><strong><span style=\"color: #808080;\">webdesign + PHOTODESIGN<\/span><br \/><\/strong><\/a><\/h5><p><span style=\"color: #808080;\">ELGER<strong>ART<\/strong> | PHOTO+GRAPHIQUES+DESIGN<\/span><br \/><span style=\"color: #808080;\">Torsten Elger | Berlin-Allemagne | elgerart.de<\/span><\/p>\t\t\t\t\t\t\t\t<\/div>\n\t\t\t\t<\/div>\n\t\t\t\t<div class=\"elementor-element elementor-element-93c924d elementor-widget elementor-widget-text-editor\" data-id=\"93c924d\" data-element_type=\"widget\" data-e-type=\"widget\" data-widget_type=\"text-editor.default\">\n\t\t\t\t<div class=\"elementor-widget-container\">\n\t\t\t\t\t\t\t\t\t<h5><strong>cr\u00e9dits d'images | droit d'auteur<br \/><\/strong><\/h5><p><span style=\"color: #808080;\"><a style=\"color: #808080;\" href=\"https:\/\/elgerart.de\" target=\"_blank\" rel=\"noopener\">toutes les photos sont de Torsten Elger<\/a><\/span> | Sophieneck ann\u00e9es 80 par Klaus B\u00e4dicker<\/p>\t\t\t\t\t\t\t\t<\/div>\n\t\t\t\t<\/div>\n\t\t\t\t\t<\/div>\n\t\t<\/div>\n\t\t\t\t\t<\/div>\n\t\t<\/section>\n\t\t\t\t<\/div>","protected":false},"excerpt":{"rendered":"<p>Mentions l\u00e9gales Op\u00e9rateur DUWENO Gastst\u00e4tten- und Hotelbetriebs GmbHGrosse Hamburger Strasse 37D-10115T\u00e9l\u00e9phone : +49(0)30 - 28 22 10 9Fax : +49(0)30 28 59 98 60E-Mail : info@sophieneck-berlin.de Repr\u00e9sentants l\u00e9gaux Henrik Nowack - Directeur g\u00e9n\u00e9ralResponsable du contenuHenrik Nowack - Directeur g\u00e9n\u00e9ralRegisterAmtsgericht Berlin, HR B 59562EG Ust-IdNr. DE 179 720 531 D\u00e9charge de responsabilit\u00e9 Malgr\u00e9 un contr\u00f4le minutieux du contenu, nous ne reprenons aucun &amp;hellip ;<\/p>","protected":false},"author":1,"featured_media":0,"parent":0,"menu_order":0,"comment_status":"closed","ping_status":"closed","template":"","meta":{"footnotes":""},"folder":[],"class_list":["post-80","page","type-page","status-publish","hentry"],"_links":{"self":[{"href":"https:\/\/sophieneck-berlin.de\/fr\/wp-json\/wp\/v2\/pages\/80","targetHints":{"allow":["GET"]}}],"collection":[{"href":"https:\/\/sophieneck-berlin.de\/fr\/wp-json\/wp\/v2\/pages"}],"about":[{"href":"https:\/\/sophieneck-berlin.de\/fr\/wp-json\/wp\/v2\/types\/page"}],"author":[{"embeddable":true,"href":"https:\/\/sophieneck-berlin.de\/fr\/wp-json\/wp\/v2\/users\/1"}],"replies":[{"embeddable":true,"href":"https:\/\/sophieneck-berlin.de\/fr\/wp-json\/wp\/v2\/comments?post=80"}],"version-history":[{"count":23,"href":"https:\/\/sophieneck-berlin.de\/fr\/wp-json\/wp\/v2\/pages\/80\/revisions"}],"predecessor-version":[{"id":1123,"href":"https:\/\/sophieneck-berlin.de\/fr\/wp-json\/wp\/v2\/pages\/80\/revisions\/1123"}],"wp:attachment":[{"href":"https:\/\/sophieneck-berlin.de\/fr\/wp-json\/wp\/v2\/media?parent=80"}],"wp:term":[{"taxonomy":"folder","embeddable":true,"href":"https:\/\/sophieneck-berlin.de\/fr\/wp-json\/wp\/v2\/folder?post=80"}],"curies":[{"name":"wp","href":"https:\/\/api.w.org\/{rel}","templated":true}]}}